{"id":101,"date":"2020-06-26T02:46:22","date_gmt":"2020-06-26T02:46:22","guid":{"rendered":"https:\/\/shtheme.org\/demosd\/industrio7\/?page_id=101"},"modified":"2023-07-18T13:10:35","modified_gmt":"2023-07-18T13:10:35","slug":"about-us","status":"publish","type":"page","link":"https:\/\/www.aysubigbag.com\/tr\/about-us\/","title":{"rendered":"Hakk\u0131m\u0131zda"},"content":{"rendered":"\t\t<div data-elementor-type=\"wp-post\" data-elementor-id=\"101\" class=\"elementor elementor-101\">\n\t\t\t\t\t\t\t\t\t<section class=\"elementor-section elementor-top-section elementor-element elementor-element-d699833 elementor-section-full_width elementor-section-height-default elementor-section-height-default\" data-id=\"d699833\" data-element_type=\"section\">\n\t\t\t\t\t\t<div class=\"elementor-container elementor-column-gap-no\">\n\t\t\t\t\t<div class=\"elementor-column elementor-col-100 elementor-top-column elementor-element elementor-element-f77218c\" data-id=\"f77218c\" data-element_type=\"column\">\n\t\t\t<div class=\"elementor-widget-wrap elementor-element-populated\">\n\t\t\t\t\t\t\t\t<div class=\"elementor-element elementor-element-bbb2fce elementor-align-left elementor-widget elementor-widget-bdevs-header\" data-id=\"bbb2fce\" data-element_type=\"widget\" data-widget_type=\"bdevs-header.default\">\n\t\t\t\t<div class=\"elementor-widget-container\">\n\t\t\t\t\t\t\t<section class=\"breadcrumb-area d-flex align-items-center\" style=\"background-image:url(https:\/\/www.aysubigbag.com\/wp-content\/uploads\/2023\/04\/aboutUsHeader.png)\">\r\n\t\t\t\r\n\r\n\t\t\t<div class=\"container\">\r\n\r\n\t\t\t\t<div class=\"row\">\r\n\r\n\t\t\t\t\t<div class=\"col-xl-6 offset-xl-3 col-lg-8 offset-lg-2\">\r\n\r\n\t\t\t\t\t\t<div class=\"breadcrumb-wrap text-center\">\r\n\r\n\t\t\t\t\t\t\t\t\t\t\t\t\t\t<div class=\"breadcrumb-title mb-30\">\r\n\r\n\t\t\t\t\t\t\t\t<h2>About Us<\/h2>                                    \r\n\r\n\t\t\t\t\t\t\t<\/div>\r\n\t\t\t\t\t\t\t\r\n\t\t\t\t\t\t\t<nav aria-label=\"breadcrumb\">\r\n\r\n\t\t\t\t\t\t\t\t<ol class=\"breadcrumb\">\r\n\r\n\t\t\t\t\t\t\t\t\t<li class=\"breadcrumb-item\"><a href=\"https:\/\/www.aysubigbag.com\/tr\/\">Home<\/a><\/li>\r\n\r\n\t\t\t\t\t\t\t\t\t\t\t\t\t\t\t\t\t\t<li class=\"breadcrumb-item active\" aria-current=\"page\">About Us<\/li>\r\n\t\t\t\t\t\t\t\t\t\r\n\t\t\t\t\t\t\t\t<\/ol>\r\n\r\n\t\t\t\t\t\t\t<\/nav>\r\n\r\n\t\t\t\t\t\t<\/div>\r\n\r\n\t\t\t\t\t<\/div>\r\n\r\n\t\t\t\t<\/div>\r\n\r\n\t\t\t<\/div>\r\n\r\n\t\t<\/section>\r\n\t\t\t<\/div>\n\t\t\t\t<\/div>\n\t\t\t\t\t<\/div>\n\t\t<\/div>\n\t\t\t\t\t\t\t<\/div>\n\t\t<\/section>\n\t\t\t\t<section class=\"elementor-section elementor-top-section elementor-element elementor-element-7c7cdfa elementor-section-full_width elementor-section-height-default elementor-section-height-default\" data-id=\"7c7cdfa\" data-element_type=\"section\">\n\t\t\t\t\t\t<div class=\"elementor-container elementor-column-gap-no\">\n\t\t\t\t\t<div class=\"elementor-column elementor-col-100 elementor-top-column elementor-element elementor-element-296a4b6\" data-id=\"296a4b6\" data-element_type=\"column\">\n\t\t\t<div class=\"elementor-widget-wrap elementor-element-populated\">\n\t\t\t\t\t\t\t\t<div class=\"elementor-element elementor-element-95af6ef elementor-align-left elementor-widget elementor-widget-bdevs-about\" data-id=\"95af6ef\" data-element_type=\"widget\" data-widget_type=\"bdevs-about.default\">\n\t\t\t\t<div class=\"elementor-widget-container\">\n\t\t\t\t\t\t\t<section id=\"about\" class=\"about-area about-p pt-120 pb-120 p-relative\" style=\"background-image:url(https:\/\/shtheme.org\/demosd\/industrio7\/wp-content\/uploads\/2020\/08\/about_aliment_bg.png); background-size: contain; background-repeat: no-repeat;background-position: center center;\">\r\n\t\t\t\r\n\r\n\t\t\t<div class=\"container\">\r\n\r\n\t\t\t\t<div class=\"row align-items-center\">\r\n\r\n\t\t\t\t\t<div class=\"col-lg-6 col-md-6 col-sm-12\">\r\n\r\n\t\t\t\t\t\t<div class=\"about-content s-about-content pl-30\">\r\n\r\n\t\t\t\t\t\t\t<div class=\"about-title second-atitle\">\r\n\t\t\t\t\t\t\t\t\t\t\t\t\t\t\t\t<span>Hakk\u0131m\u0131zda <small class=\"circle-right\"><img decoding=\"async\" src=\"https:\/\/shtheme.org\/demosd\/industrio7\/wp-content\/uploads\/2020\/08\/circle_right.png\" alt=\"img\"><\/small><\/span>\r\n\t\t\t\t\t\t\t\t\r\n\t\t\t\t\t\t\t\t\t\t\t\t\t\t\t\t<h2>Standartlara Uygun \u00dcretim Yap\u0131yoruz<\/h2>\r\n\t\t\t\t\t\t\t\t                                  \r\n\r\n\t\t\t\t\t\t\t<\/div>\r\n\t\t\t\t\t\t\t\t\t\t\t\t\t\t<p>Firmam\u0131z BigBag, QBAG, SlingBag, kuma\u015f, kolon, toz fitil, sentetik iplik gibi bir\u00e7ok \u00fcr\u00fcn\u00fcn \u00fcretimini yapmaktad\u0131r. M\u00fc\u015fterilerimizin nakliye ve paketleme ihtiya\u00e7lar\u0131n\u0131 kar\u015f\u0131lamak i\u00e7in y\u00fcksek kaliteli \u00fcr\u00fcnler sunuyoruz. Sekt\u00f6r\u00fcm\u00fczdeki yenilikleri takip ederek ve m\u00fc\u015fteri geri bildirimlerini dikkate alarak \u00fcr\u00fcnlerimizi s\u00fcrekli iyile\u015ftirmekteyiz. \u00dcr\u00fcnlerimizin tamam\u0131 m\u00fc\u015fterilerimizin beklentilerini kar\u015f\u0131layacak \u015fekilde kalite kontrol s\u00fcre\u00e7lerimizden ge\u00e7erek \u00fcretilmektedir. M\u00fc\u015fteri memnuniyeti, etik de\u011ferlerimiz ve s\u00fcrd\u00fcr\u00fclebilirlik ilkelerimiz i\u015fimizin merkezinde yer al\u0131r.<\/P>\r\n\t\t\t\t\t\t\t\r\n\t\t\t\t\t\t\t<div class=\"row  mt-20\">\r\n\r\n\t\t\t\t\t\t\t\t<div class=\"col-lg-4\">\r\n\t\t\t\t\t\t\t\t\t\r\n\t\t\t\t\t\t\t\t\t\r\n\t\t\t\t\t\t\t\t\t<div class=\"signature-text\">\r\n\r\n\t\t\t\t\t\t\t\t\t\tAysu Big Bag\r\n\t\t\t\t\t\t\t\t\t<\/div>\r\n\r\n\t\t\t\t\t\t\t\t\t\r\n\t\t\t\t\t\t\t\t<\/div>\r\n\r\n\t\t\t\t\t\t\t\t\r\n\t\t\t\t\t\t\t<\/div>\r\n\r\n\t\t\t\t\t\t\t\r\n\t\t\t\t\t\t<\/div>\r\n\r\n\t\t\t\t\t<\/div>\r\n\r\n\t\t\t\t\t<div class=\"col-lg-6 col-md-6 col-sm-12\">\r\n\r\n\t\t\t\t\t\t\r\n\t\t\t\t\t\t<div class=\"s-about-img p-relative\">\r\n\r\n\t\t\t\t\t\t\t<img decoding=\"async\" src=\"https:\/\/shtheme.org\/demosd\/industrio7\/wp-content\/uploads\/2020\/08\/about_img02.png\" alt=\"img\">\r\n\r\n\r\n\t\t\t\t\t\t<\/div>\r\n\r\n\t\t\t\t\t\t\r\n\t\t\t\t\t<\/div>\r\n\r\n\t\t\t\t<\/div>\r\n\r\n\t\t\t<\/div>\r\n\r\n\t\t<\/section>\r\n\t\t\t<\/div>\n\t\t\t\t<\/div>\n\t\t\t\t\t<\/div>\n\t\t<\/div>\n\t\t\t\t\t\t\t<\/div>\n\t\t<\/section>\n\t\t<div class=\"elementor-element elementor-element-3f8f837 e-flex e-con-boxed e-con\" data-id=\"3f8f837\" data-element_type=\"container\" data-settings=\"{&quot;content_width&quot;:&quot;boxed&quot;}\">\n\t\t\t\t\t<div class=\"e-con-inner\">\n\t\t<div class=\"elementor-element elementor-element-2f50e29 e-con-full e-flex e-con\" data-id=\"2f50e29\" data-element_type=\"container\" data-settings=\"{&quot;content_width&quot;:&quot;full&quot;}\">\n\t\t<div class=\"elementor-element elementor-element-c8cc0ee e-flex e-con-boxed e-con\" data-id=\"c8cc0ee\" data-element_type=\"container\" data-settings=\"{&quot;content_width&quot;:&quot;boxed&quot;}\">\n\t\t\t\t\t<div class=\"e-con-inner\">\n\t\t\t\t<div class=\"elementor-element elementor-element-80c04d5 elementor-widget elementor-widget-heading\" data-id=\"80c04d5\" data-element_type=\"widget\" data-widget_type=\"heading.default\">\n\t\t\t\t<div class=\"elementor-widget-container\">\n\t\t\t<style>\/*! elementor - v3.14.0 - 26-06-2023 *\/\n.elementor-heading-title{padding:0;margin:0;line-height:1}.elementor-widget-heading .elementor-heading-title[class*=elementor-size-]>a{color:inherit;font-size:inherit;line-height:inherit}.elementor-widget-heading .elementor-heading-title.elementor-size-small{font-size:15px}.elementor-widget-heading .elementor-heading-title.elementor-size-medium{font-size:19px}.elementor-widget-heading .elementor-heading-title.elementor-size-large{font-size:29px}.elementor-widget-heading .elementor-heading-title.elementor-size-xl{font-size:39px}.elementor-widget-heading .elementor-heading-title.elementor-size-xxl{font-size:59px}<\/style><h2 class=\"elementor-heading-title elementor-size-default\">Misyonumuz<\/h2>\t\t<\/div>\n\t\t\t\t<\/div>\n\t\t\t\t<div class=\"elementor-element elementor-element-605df8b elementor-widget elementor-widget-image\" data-id=\"605df8b\" data-element_type=\"widget\" data-widget_type=\"image.default\">\n\t\t\t\t<div class=\"elementor-widget-container\">\n\t\t\t<style>\/*! elementor - v3.14.0 - 26-06-2023 *\/\n.elementor-widget-image{text-align:center}.elementor-widget-image a{display:inline-block}.elementor-widget-image a img[src$=\".svg\"]{width:48px}.elementor-widget-image img{vertical-align:middle;display:inline-block}<\/style>\t\t\t\t\t\t\t\t\t\t\t\t<img decoding=\"async\" width=\"56\" height=\"5\" src=\"https:\/\/www.aysubigbag.com\/tr\/wp-content\/uploads\/sites\/4\/2023\/04\/circle_right.png\" class=\"attachment-medium_large size-medium_large wp-image-663\" alt=\"\" loading=\"lazy\" \/>\t\t\t\t\t\t\t\t\t\t\t\t\t\t\t<\/div>\n\t\t\t\t<\/div>\n\t\t\t\t\t<\/div>\n\t\t\t\t<\/div>\n\t\t<div class=\"elementor-element elementor-element-580cf6a e-flex e-con-boxed e-con\" data-id=\"580cf6a\" data-element_type=\"container\" data-settings=\"{&quot;content_width&quot;:&quot;boxed&quot;}\">\n\t\t\t\t\t<div class=\"e-con-inner\">\n\t\t\t\t<div class=\"elementor-element elementor-element-246117e elementor-widget elementor-widget-text-editor\" data-id=\"246117e\" data-element_type=\"widget\" data-widget_type=\"text-editor.default\">\n\t\t\t\t<div class=\"elementor-widget-container\">\n\t\t\t<style>\/*! elementor - v3.14.0 - 26-06-2023 *\/\n.elementor-widget-text-editor.elementor-drop-cap-view-stacked .elementor-drop-cap{background-color:#69727d;color:#fff}.elementor-widget-text-editor.elementor-drop-cap-view-framed .elementor-drop-cap{color:#69727d;border:3px solid;background-color:transparent}.elementor-widget-text-editor:not(.elementor-drop-cap-view-default) .elementor-drop-cap{margin-top:8px}.elementor-widget-text-editor:not(.elementor-drop-cap-view-default) .elementor-drop-cap-letter{width:1em;height:1em}.elementor-widget-text-editor .elementor-drop-cap{float:left;text-align:center;line-height:1;font-size:50px}.elementor-widget-text-editor .elementor-drop-cap-letter{display:inline-block}<\/style>\t\t\t\t<p>Kaliteli ve yenilik\u00e7i \u00e7\u00f6z\u00fcmler sunarak m\u00fc\u015fterilerimizin nakliye ve paketleme ihtiya\u00e7lar\u0131n\u0131 kar\u015f\u0131layacak en iyi \u00fcr\u00fcnleri \u00fcretmek i\u00e7in \u00e7al\u0131\u015f\u0131yoruz. S\u00fcrd\u00fcr\u00fclebilirlik ve \u00e7evre bilinci ile \u00e7al\u0131\u015farak sekt\u00f6r\u00fcm\u00fczde \u00f6nc\u00fc olmay\u0131 hedeflerken, m\u00fc\u015fteri memnuniyeti ve etik de\u011ferleri \u00f6n planda tutuyoruz.<\/p>\t\t\t\t\t\t<\/div>\n\t\t\t\t<\/div>\n\t\t\t\t<div class=\"elementor-element elementor-element-224fdd7 elementor-widget elementor-widget-image\" data-id=\"224fdd7\" data-element_type=\"widget\" data-widget_type=\"image.default\">\n\t\t\t\t<div class=\"elementor-widget-container\">\n\t\t\t\t\t\t\t\t\t\t\t\t\t\t\t<img decoding=\"async\" width=\"900\" height=\"450\" src=\"https:\/\/www.aysubigbag.com\/tr\/wp-content\/uploads\/sites\/4\/2023\/04\/mission.png\" class=\"attachment-large size-large wp-image-1000\" alt=\"\" loading=\"lazy\" srcset=\"https:\/\/www.aysubigbag.com\/tr\/wp-content\/uploads\/sites\/4\/2023\/04\/mission.png 1000w, https:\/\/www.aysubigbag.com\/tr\/wp-content\/uploads\/sites\/4\/2023\/04\/mission-300x150.png 300w, https:\/\/www.aysubigbag.com\/tr\/wp-content\/uploads\/sites\/4\/2023\/04\/mission-768x384.png 768w\" sizes=\"(max-width: 900px) 100vw, 900px\" \/>\t\t\t\t\t\t\t\t\t\t\t\t\t\t\t<\/div>\n\t\t\t\t<\/div>\n\t\t\t\t\t<\/div>\n\t\t\t\t<\/div>\n\t\t\t\t<\/div>\n\t\t<div class=\"elementor-element elementor-element-4c53005 e-con-full e-flex e-con\" data-id=\"4c53005\" data-element_type=\"container\" data-settings=\"{&quot;content_width&quot;:&quot;full&quot;}\">\n\t\t<div class=\"elementor-element elementor-element-67e1ed4 e-flex e-con-boxed e-con\" data-id=\"67e1ed4\" data-element_type=\"container\" data-settings=\"{&quot;content_width&quot;:&quot;boxed&quot;}\">\n\t\t\t\t\t<div class=\"e-con-inner\">\n\t\t\t\t<div class=\"elementor-element elementor-element-ad7cd90 elementor-widget elementor-widget-heading\" data-id=\"ad7cd90\" data-element_type=\"widget\" data-widget_type=\"heading.default\">\n\t\t\t\t<div class=\"elementor-widget-container\">\n\t\t\t<h2 class=\"elementor-heading-title elementor-size-default\">Vizyonumuz<\/h2>\t\t<\/div>\n\t\t\t\t<\/div>\n\t\t\t\t<div class=\"elementor-element elementor-element-192289a elementor-widget elementor-widget-image\" data-id=\"192289a\" data-element_type=\"widget\" data-widget_type=\"image.default\">\n\t\t\t\t<div class=\"elementor-widget-container\">\n\t\t\t\t\t\t\t\t\t\t\t\t\t\t\t<img decoding=\"async\" width=\"56\" height=\"5\" src=\"https:\/\/www.aysubigbag.com\/tr\/wp-content\/uploads\/sites\/4\/2023\/04\/circle_right.png\" class=\"attachment-medium_large size-medium_large wp-image-663\" alt=\"\" loading=\"lazy\" \/>\t\t\t\t\t\t\t\t\t\t\t\t\t\t\t<\/div>\n\t\t\t\t<\/div>\n\t\t\t\t\t<\/div>\n\t\t\t\t<\/div>\n\t\t<div class=\"elementor-element elementor-element-b6a6020 e-flex e-con-boxed e-con\" data-id=\"b6a6020\" data-element_type=\"container\" data-settings=\"{&quot;content_width&quot;:&quot;boxed&quot;}\">\n\t\t\t\t\t<div class=\"e-con-inner\">\n\t\t\t\t<div class=\"elementor-element elementor-element-02289f5 elementor-widget elementor-widget-text-editor\" data-id=\"02289f5\" data-element_type=\"widget\" data-widget_type=\"text-editor.default\">\n\t\t\t\t<div class=\"elementor-widget-container\">\n\t\t\t\t\t\t\t<p>D\u00fcnya \u00e7ap\u0131nda lider bir nakliye ve paketleme \u00fcr\u00fcnleri \u00fcreticisi olmak i\u00e7in \u00fcr\u00fcnlerimizi s\u00fcrekli yeniliyor ve geli\u015ftiriyoruz. Amac\u0131m\u0131z, m\u00fc\u015fterilerimizin ihtiya\u00e7lar\u0131n\u0131 kar\u015f\u0131lamak i\u00e7in en iyi \u00fcr\u00fcnleri sunarak ve t\u00fcm m\u00fc\u015fterilerimizin g\u00fcvenini kazanarak sekt\u00f6rdeki liderli\u011fimizi s\u00fcrd\u00fcrmektir.<\/p>\t\t\t\t\t\t<\/div>\n\t\t\t\t<\/div>\n\t\t\t\t<div class=\"elementor-element elementor-element-9797c92 elementor-widget elementor-widget-image\" data-id=\"9797c92\" data-element_type=\"widget\" data-widget_type=\"image.default\">\n\t\t\t\t<div class=\"elementor-widget-container\">\n\t\t\t\t\t\t\t\t\t\t\t\t\t\t\t<img decoding=\"async\" width=\"900\" height=\"450\" src=\"https:\/\/www.aysubigbag.com\/tr\/wp-content\/uploads\/sites\/4\/2023\/04\/vision.png\" class=\"attachment-large size-large wp-image-1022\" alt=\"\" loading=\"lazy\" srcset=\"https:\/\/www.aysubigbag.com\/tr\/wp-content\/uploads\/sites\/4\/2023\/04\/vision.png 1000w, https:\/\/www.aysubigbag.com\/tr\/wp-content\/uploads\/sites\/4\/2023\/04\/vision-300x150.png 300w, https:\/\/www.aysubigbag.com\/tr\/wp-content\/uploads\/sites\/4\/2023\/04\/vision-768x384.png 768w\" sizes=\"(max-width: 900px) 100vw, 900px\" \/>\t\t\t\t\t\t\t\t\t\t\t\t\t\t\t<\/div>\n\t\t\t\t<\/div>\n\t\t\t\t\t<\/div>\n\t\t\t\t<\/div>\n\t\t\t\t<\/div>\n\t\t\t\t\t<\/div>\n\t\t\t\t<\/div>\n\t\t\t\t<section class=\"elementor-section elementor-top-section elementor-element elementor-element-7a2bd33 elementor-section-full_width elementor-section-height-default elementor-section-height-default\" data-id=\"7a2bd33\" data-element_type=\"section\">\n\t\t\t\t\t\t<div class=\"elementor-container elementor-column-gap-default\">\n\t\t\t\t\t<div class=\"elementor-column elementor-col-100 elementor-top-column elementor-element elementor-element-432f9ca\" data-id=\"432f9ca\" data-element_type=\"column\">\n\t\t\t<div class=\"elementor-widget-wrap elementor-element-populated\">\n\t\t\t\t\t\t\t\t<div class=\"elementor-element elementor-element-e57097b elementor-align-left elementor-widget elementor-widget-bdevs-call\" data-id=\"e57097b\" data-element_type=\"widget\" data-widget_type=\"bdevs-call.default\">\n\t\t\t\t<div class=\"elementor-widget-container\">\n\t\t\t\r\n\t\t\t\t<div class=\"call-area\" style=\"background-image:url(https:\/\/shtheme.org\/demosd\/industrio7\/wp-content\/uploads\/2020\/06\/call-bg.png); background-repeat: no-repeat; background-position: bottom;\">\r\n\t\t\r\n\t\t\t<div class=\"container\">\r\n\r\n\t\t\t\t<div class=\"row align-items-center\">\r\n\r\n\t\t\t\t\t<div class=\"col-lg-5 col-md-5 col-sm-12\">\r\n\r\n\t\t\t\t\t\t\r\n\t\t\t\t\t\t<div class=\"single-counter-img fadeInUp animated\" data-animation=\"fadeInDown animated\" data-delay=\".2s\">\r\n\r\n\t\t\t\t\t\t\t<img decoding=\"async\" src=\"https:\/\/shtheme.org\/demosd\/industrio7\/wp-content\/uploads\/2020\/06\/call-man.png\" alt=\"img\" class=\"img\">\r\n\r\n\t\t\t\t\t\t<\/div>\r\n\r\n\t\t\t\t\t\t\t\r\n\r\n\t\t\t\t\t<\/div>\r\n\r\n\t\t\t\t\t<div class=\"col-lg-7 col-md-7 col-sm-12\">                                                     \r\n\r\n\t\t\t\t\t\t\t\t\t\t\t\t\t<h2>Her End\u00fcstriye uygun  <span>B\u0130GBAG<\/span><\/h2>\r\n\t\t\t\t\t\t\r\n\t\t\t\t\t\t\t\t\t\t\t\t<p>Her sekt\u00f6r\u00fcn ihtiyac\u0131na uygun, dayan\u0131kl\u0131 ve kaliteli Bigbagler \u00fcretiyoruz. Bigbag'lerimiz ta\u015f\u0131ma s\u0131ras\u0131nda malzemeleri korumak i\u00e7in tasarlanm\u0131\u015ft\u0131r ve bu da onlar\u0131 i\u015fletmeniz i\u00e7in ideal bir se\u00e7im haline getirir. \u0130\u015finizi kolayla\u015ft\u0131rmak i\u00e7in kaliteli ve dayan\u0131kl\u0131 Bigbag'lerimizi tercih edin.<\/p>\r\n\t\t\t\t\t\t\r\n\t\t\t\t\t\t\t\t\t\t\t\t<div class=\"number\">+90 541 831 3760<\/div>\r\n\t\t\t\t\t\t\r\n\t\t\t\t\t<\/div>\r\n\r\n\t\t\t\t<\/div>\r\n\r\n\t\t\t<\/div>\r\n\r\n\t\t<\/div>\r\n\r\n\t\t\t<\/div>\n\t\t\t\t<\/div>\n\t\t\t\t\t<\/div>\n\t\t<\/div>\n\t\t\t\t\t\t\t<\/div>\n\t\t<\/section>\n\t\t\t\t\t\t\t<\/div>\n\t\t","protected":false},"excerpt":{"rendered":"<p>About Us Home About Us Hakk\u0131m\u0131zda Standartlara Uygun \u00dcretim Yap\u0131yoruz Firmam\u0131z BigBag, QBAG, SlingBag, kuma\u015f, kolon, toz fitil, sentetik iplik gibi bir\u00e7ok \u00fcr\u00fcn\u00fcn \u00fcretimini yapmaktad\u0131r. M\u00fc\u015fterilerimizin nakliye ve paketleme ihtiya\u00e7lar\u0131n\u0131 kar\u015f\u0131lamak i\u00e7in y\u00fcksek kaliteli \u00fcr\u00fcnler sunuyoruz. Sekt\u00f6r\u00fcm\u00fczdeki yenilikleri takip ederek ve m\u00fc\u015fteri geri bildirimlerini dikkate alarak \u00fcr\u00fcnlerimizi s\u00fcrekli iyile\u015ftirmekteyiz. \u00dcr\u00fcnlerimizin tamam\u0131 m\u00fc\u015fterilerimizin beklentilerini kar\u015f\u0131layacak \u015fekilde [&hellip;]<\/p>\n","protected":false},"author":1,"featured_media":0,"parent":0,"menu_order":0,"comment_status":"closed","ping_status":"closed","template":"page-templates\/about-us-template.php","meta":[],"yoast_head":"<!-- This site is optimized with the Yoast SEO plugin v21.3 - https:\/\/yoast.com\/wordpress\/plugins\/seo\/ -->\n<title>Hakk\u0131m\u0131zda - Aysu Bigbag&#039;e Ho\u015fgeldiniz<\/title>\n<meta name=\"robots\" content=\"index, follow, max-snippet:-1, max-image-preview:large, max-video-preview:-1\" \/>\n<link rel=\"canonical\" href=\"https:\/\/www.aysubigbag.com\/tr\/about-us\/\" \/>\n<meta property=\"og:locale\" content=\"en_US\" \/>\n<meta property=\"og:type\" content=\"article\" \/>\n<meta property=\"og:title\" content=\"Hakk\u0131m\u0131zda - Aysu Bigbag&#039;e Ho\u015fgeldiniz\" \/>\n<meta property=\"og:description\" content=\"About Us Home About Us Hakk\u0131m\u0131zda Standartlara Uygun \u00dcretim Yap\u0131yoruz Firmam\u0131z BigBag, QBAG, SlingBag, kuma\u015f, kolon, toz fitil, sentetik iplik gibi bir\u00e7ok \u00fcr\u00fcn\u00fcn \u00fcretimini yapmaktad\u0131r. M\u00fc\u015fterilerimizin nakliye ve paketleme ihtiya\u00e7lar\u0131n\u0131 kar\u015f\u0131lamak i\u00e7in y\u00fcksek kaliteli \u00fcr\u00fcnler sunuyoruz. Sekt\u00f6r\u00fcm\u00fczdeki yenilikleri takip ederek ve m\u00fc\u015fteri geri bildirimlerini dikkate alarak \u00fcr\u00fcnlerimizi s\u00fcrekli iyile\u015ftirmekteyiz. \u00dcr\u00fcnlerimizin tamam\u0131 m\u00fc\u015fterilerimizin beklentilerini kar\u015f\u0131layacak \u015fekilde [&hellip;]\" \/>\n<meta property=\"og:url\" content=\"https:\/\/www.aysubigbag.com\/tr\/about-us\/\" \/>\n<meta property=\"og:site_name\" content=\"Aysu Bigbag&#039;e Ho\u015fgeldiniz\" \/>\n<meta property=\"article:modified_time\" content=\"2023-07-18T13:10:35+00:00\" \/>\n<meta property=\"og:image\" content=\"https:\/\/shtheme.org\/demosd\/industrio7\/wp-content\/uploads\/2020\/08\/circle_right.png\" \/>\n<meta name=\"twitter:card\" content=\"summary_large_image\" \/>\n<meta name=\"twitter:label1\" content=\"Est. reading time\" \/>\n\t<meta name=\"twitter:data1\" content=\"1 minute\" \/>\n<script type=\"application\/ld+json\" class=\"yoast-schema-graph\">{\"@context\":\"https:\/\/schema.org\",\"@graph\":[{\"@type\":\"WebPage\",\"@id\":\"https:\/\/www.aysubigbag.com\/tr\/about-us\/\",\"url\":\"https:\/\/www.aysubigbag.com\/tr\/about-us\/\",\"name\":\"Hakk\u0131m\u0131zda - Aysu Bigbag'e Ho\u015fgeldiniz\",\"isPartOf\":{\"@id\":\"https:\/\/www.aysubigbag.com\/tr\/#website\"},\"datePublished\":\"2020-06-26T02:46:22+00:00\",\"dateModified\":\"2023-07-18T13:10:35+00:00\",\"breadcrumb\":{\"@id\":\"https:\/\/www.aysubigbag.com\/tr\/about-us\/#breadcrumb\"},\"inLanguage\":\"en-US\",\"potentialAction\":[{\"@type\":\"ReadAction\",\"target\":[\"https:\/\/www.aysubigbag.com\/tr\/about-us\/\"]}]},{\"@type\":\"BreadcrumbList\",\"@id\":\"https:\/\/www.aysubigbag.com\/tr\/about-us\/#breadcrumb\",\"itemListElement\":[{\"@type\":\"ListItem\",\"position\":1,\"name\":\"Home\",\"item\":\"https:\/\/www.aysubigbag.com\/tr\/\"},{\"@type\":\"ListItem\",\"position\":2,\"name\":\"Hakk\u0131m\u0131zda\"}]},{\"@type\":\"WebSite\",\"@id\":\"https:\/\/www.aysubigbag.com\/tr\/#website\",\"url\":\"https:\/\/www.aysubigbag.com\/tr\/\",\"name\":\"Aysu Bigbag'e Ho\u015fgeldiniz\",\"description\":\"\",\"publisher\":{\"@id\":\"https:\/\/www.aysubigbag.com\/tr\/#organization\"},\"potentialAction\":[{\"@type\":\"SearchAction\",\"target\":{\"@type\":\"EntryPoint\",\"urlTemplate\":\"https:\/\/www.aysubigbag.com\/tr\/?s={search_term_string}\"},\"query-input\":\"required name=search_term_string\"}],\"inLanguage\":\"en-US\"},{\"@type\":\"Organization\",\"@id\":\"https:\/\/www.aysubigbag.com\/tr\/#organization\",\"name\":\"Aysu Bigbag\",\"url\":\"https:\/\/www.aysubigbag.com\/tr\/\",\"logo\":{\"@type\":\"ImageObject\",\"inLanguage\":\"en-US\",\"@id\":\"https:\/\/www.aysubigbag.com\/tr\/#\/schema\/logo\/image\/\",\"url\":\"https:\/\/www.aysubigbag.com\/tr\/wp-content\/uploads\/sites\/4\/2023\/04\/logo9.png\",\"contentUrl\":\"https:\/\/www.aysubigbag.com\/tr\/wp-content\/uploads\/sites\/4\/2023\/04\/logo9.png\",\"width\":400,\"height\":200,\"caption\":\"Aysu Bigbag\"},\"image\":{\"@id\":\"https:\/\/www.aysubigbag.com\/tr\/#\/schema\/logo\/image\/\"}}]}<\/script>\n<!-- \/ Yoast SEO plugin. -->","yoast_head_json":{"title":"Hakk\u0131m\u0131zda - Aysu Bigbag'e Ho\u015fgeldiniz","robots":{"index":"index","follow":"follow","max-snippet":"max-snippet:-1","max-image-preview":"max-image-preview:large","max-video-preview":"max-video-preview:-1"},"canonical":"https:\/\/www.aysubigbag.com\/tr\/about-us\/","og_locale":"en_US","og_type":"article","og_title":"Hakk\u0131m\u0131zda - Aysu Bigbag'e Ho\u015fgeldiniz","og_description":"About Us Home About Us Hakk\u0131m\u0131zda Standartlara Uygun \u00dcretim Yap\u0131yoruz Firmam\u0131z BigBag, QBAG, SlingBag, kuma\u015f, kolon, toz fitil, sentetik iplik gibi bir\u00e7ok \u00fcr\u00fcn\u00fcn \u00fcretimini yapmaktad\u0131r. M\u00fc\u015fterilerimizin nakliye ve paketleme ihtiya\u00e7lar\u0131n\u0131 kar\u015f\u0131lamak i\u00e7in y\u00fcksek kaliteli \u00fcr\u00fcnler sunuyoruz. Sekt\u00f6r\u00fcm\u00fczdeki yenilikleri takip ederek ve m\u00fc\u015fteri geri bildirimlerini dikkate alarak \u00fcr\u00fcnlerimizi s\u00fcrekli iyile\u015ftirmekteyiz. \u00dcr\u00fcnlerimizin tamam\u0131 m\u00fc\u015fterilerimizin beklentilerini kar\u015f\u0131layacak \u015fekilde [&hellip;]","og_url":"https:\/\/www.aysubigbag.com\/tr\/about-us\/","og_site_name":"Aysu Bigbag'e Ho\u015fgeldiniz","article_modified_time":"2023-07-18T13:10:35+00:00","og_image":[{"url":"https:\/\/shtheme.org\/demosd\/industrio7\/wp-content\/uploads\/2020\/08\/circle_right.png"}],"twitter_card":"summary_large_image","twitter_misc":{"Est. reading time":"1 minute"},"schema":{"@context":"https:\/\/schema.org","@graph":[{"@type":"WebPage","@id":"https:\/\/www.aysubigbag.com\/tr\/about-us\/","url":"https:\/\/www.aysubigbag.com\/tr\/about-us\/","name":"Hakk\u0131m\u0131zda - Aysu Bigbag'e Ho\u015fgeldiniz","isPartOf":{"@id":"https:\/\/www.aysubigbag.com\/tr\/#website"},"datePublished":"2020-06-26T02:46:22+00:00","dateModified":"2023-07-18T13:10:35+00:00","breadcrumb":{"@id":"https:\/\/www.aysubigbag.com\/tr\/about-us\/#breadcrumb"},"inLanguage":"en-US","potentialAction":[{"@type":"ReadAction","target":["https:\/\/www.aysubigbag.com\/tr\/about-us\/"]}]},{"@type":"BreadcrumbList","@id":"https:\/\/www.aysubigbag.com\/tr\/about-us\/#breadcrumb","itemListElement":[{"@type":"ListItem","position":1,"name":"Home","item":"https:\/\/www.aysubigbag.com\/tr\/"},{"@type":"ListItem","position":2,"name":"Hakk\u0131m\u0131zda"}]},{"@type":"WebSite","@id":"https:\/\/www.aysubigbag.com\/tr\/#website","url":"https:\/\/www.aysubigbag.com\/tr\/","name":"Aysu Bigbag'e Ho\u015fgeldiniz","description":"","publisher":{"@id":"https:\/\/www.aysubigbag.com\/tr\/#organization"},"potentialAction":[{"@type":"SearchAction","target":{"@type":"EntryPoint","urlTemplate":"https:\/\/www.aysubigbag.com\/tr\/?s={search_term_string}"},"query-input":"required name=search_term_string"}],"inLanguage":"en-US"},{"@type":"Organization","@id":"https:\/\/www.aysubigbag.com\/tr\/#organization","name":"Aysu Bigbag","url":"https:\/\/www.aysubigbag.com\/tr\/","logo":{"@type":"ImageObject","inLanguage":"en-US","@id":"https:\/\/www.aysubigbag.com\/tr\/#\/schema\/logo\/image\/","url":"https:\/\/www.aysubigbag.com\/tr\/wp-content\/uploads\/sites\/4\/2023\/04\/logo9.png","contentUrl":"https:\/\/www.aysubigbag.com\/tr\/wp-content\/uploads\/sites\/4\/2023\/04\/logo9.png","width":400,"height":200,"caption":"Aysu Bigbag"},"image":{"@id":"https:\/\/www.aysubigbag.com\/tr\/#\/schema\/logo\/image\/"}}]}},"_links":{"self":[{"href":"https:\/\/www.aysubigbag.com\/tr\/wp-json\/wp\/v2\/pages\/101"}],"collection":[{"href":"https:\/\/www.aysubigbag.com\/tr\/wp-json\/wp\/v2\/pages"}],"about":[{"href":"https:\/\/www.aysubigbag.com\/tr\/wp-json\/wp\/v2\/types\/page"}],"author":[{"embeddable":true,"href":"https:\/\/www.aysubigbag.com\/tr\/wp-json\/wp\/v2\/users\/1"}],"replies":[{"embeddable":true,"href":"https:\/\/www.aysubigbag.com\/tr\/wp-json\/wp\/v2\/comments?post=101"}],"version-history":[{"count":10,"href":"https:\/\/www.aysubigbag.com\/tr\/wp-json\/wp\/v2\/pages\/101\/revisions"}],"predecessor-version":[{"id":1468,"href":"https:\/\/www.aysubigbag.com\/tr\/wp-json\/wp\/v2\/pages\/101\/revisions\/1468"}],"wp:attachment":[{"href":"https:\/\/www.aysubigbag.com\/tr\/wp-json\/wp\/v2\/media?parent=101"}],"curies":[{"name":"wp","href":"https:\/\/api.w.org\/{rel}","templated":true}]}}