{"id":66,"date":"2020-06-25T04:15:37","date_gmt":"2020-06-25T04:15:37","guid":{"rendered":"https:\/\/shtheme.org\/demosd\/industrio7\/?page_id=66"},"modified":"2023-07-18T13:52:38","modified_gmt":"2023-07-18T13:52:38","slug":"certificates","status":"publish","type":"page","link":"https:\/\/www.aysubigbag.com\/tr\/certificates\/","title":{"rendered":"Sertifikalar\u0131m\u0131z"},"content":{"rendered":"\t\t<div data-elementor-type=\"wp-post\" data-elementor-id=\"66\" class=\"elementor elementor-66\">\n\t\t\t\t\t\t\t\t\t<section class=\"elementor-section elementor-top-section elementor-element elementor-element-be725bf elementor-section-full_width elementor-section-height-default elementor-section-height-default\" data-id=\"be725bf\" data-element_type=\"section\">\n\t\t\t\t\t\t<div class=\"elementor-container elementor-column-gap-no\">\n\t\t\t\t\t<div class=\"elementor-column elementor-col-100 elementor-top-column elementor-element elementor-element-b4a0de6\" data-id=\"b4a0de6\" data-element_type=\"column\">\n\t\t\t<div class=\"elementor-widget-wrap elementor-element-populated\">\n\t\t\t\t\t\t\t\t<div class=\"elementor-element elementor-element-b6390d7 elementor-align-center elementor-widget elementor-widget-bdevs-header\" data-id=\"b6390d7\" data-element_type=\"widget\" data-widget_type=\"bdevs-header.default\">\n\t\t\t\t<div class=\"elementor-widget-container\">\n\t\t\t\t\t\t\t<section class=\"breadcrumb-area d-flex align-items-center\" style=\"background-image:url(https:\/\/www.aysubigbag.com\/wp-content\/uploads\/2023\/04\/certificatedHeader.png)\">\r\n\t\t\t\r\n\r\n\t\t\t<div class=\"container\">\r\n\r\n\t\t\t\t<div class=\"row\">\r\n\r\n\t\t\t\t\t<div class=\"col-xl-6 offset-xl-3 col-lg-8 offset-lg-2\">\r\n\r\n\t\t\t\t\t\t<div class=\"breadcrumb-wrap text-center\">\r\n\r\n\t\t\t\t\t\t\t\t\t\t\t\t\t\t<div class=\"breadcrumb-title mb-30\">\r\n\r\n\t\t\t\t\t\t\t\t<h2>SAH\u0130P OLDU\u011eUMUZ SERT\u0130F\u0130KALAR<\/h2>                                    \r\n\r\n\t\t\t\t\t\t\t<\/div>\r\n\t\t\t\t\t\t\t\r\n\t\t\t\t\t\t\t<nav aria-label=\"breadcrumb\">\r\n\r\n\t\t\t\t\t\t\t\t<ol class=\"breadcrumb\">\r\n\r\n\t\t\t\t\t\t\t\t\t<li class=\"breadcrumb-item\"><a href=\"https:\/\/www.aysubigbag.com\/tr\/\">Home<\/a><\/li>\r\n\r\n\t\t\t\t\t\t\t\t\t\t\t\t\t\t\t\t\t\t<li class=\"breadcrumb-item active\" aria-current=\"page\">SERT\u0130F\u0130KALARIMIZ<\/li>\r\n\t\t\t\t\t\t\t\t\t\r\n\t\t\t\t\t\t\t\t<\/ol>\r\n\r\n\t\t\t\t\t\t\t<\/nav>\r\n\r\n\t\t\t\t\t\t<\/div>\r\n\r\n\t\t\t\t\t<\/div>\r\n\r\n\t\t\t\t<\/div>\r\n\r\n\t\t\t<\/div>\r\n\r\n\t\t<\/section>\r\n\t\t\t<\/div>\n\t\t\t\t<\/div>\n\t\t\t\t\t<\/div>\n\t\t<\/div>\n\t\t\t\t\t\t\t<\/div>\n\t\t<\/section>\n\t\t\t\t<section class=\"elementor-section elementor-top-section elementor-element elementor-element-2cdbb29 elementor-section-full_width elementor-section-height-default elementor-section-height-default\" data-id=\"2cdbb29\" data-element_type=\"section\">\n\t\t\t\t\t\t<div class=\"elementor-container elementor-column-gap-no\">\n\t\t\t\t\t<div class=\"elementor-column elementor-col-100 elementor-top-column elementor-element elementor-element-58f4bbc\" data-id=\"58f4bbc\" data-element_type=\"column\">\n\t\t\t<div class=\"elementor-widget-wrap elementor-element-populated\">\n\t\t\t\t\t\t\t\t<div class=\"elementor-element elementor-element-27a5078 elementor-align-center elementor-widget elementor-widget-bdevs-project\" data-id=\"27a5078\" data-element_type=\"widget\" data-widget_type=\"bdevs-project.default\">\n\t\t\t\t<div class=\"elementor-widget-container\">\n\t\t\t\r\n\t\t\r\n\t\t\t<section id=\"work\" class=\"pt-120 pb-120\">\r\n\t\t\t\t<div class=\"container\">                  \r\n\t\t\t\t\t<div class=\"portfolio wow fadeInUp animated\" data-animation=\"fadeInDown animated\" data-delay=\".2s\">\r\n\t\t\t\t\t\t<div class=\"my-masonry mb-30 \">\r\n\t\t\t\t\t\t\t<div class=\"button-group filter-button-group text-center\">\r\n\t\t\t\t\t\t\t\t<button class=\"active\" data-filter=\"*\">All<\/button>\r\n\t\t\t\t\t\t\t\t\t\t\t\t\t\t\t\t\t<button data-filter=\".en-iso-15593\">En iso 15593<\/button>\r\n\r\n\t\t\t\t\t\t\t\t\t\t\t\t\t\t\t\t\t<button data-filter=\".iso-10002\">iso 10002<\/button>\r\n\r\n\t\t\t\t\t\t\t\t\t\t\t\t\t\t\t\t\t<button data-filter=\".iso-14001\">iso 14001<\/button>\r\n\r\n\t\t\t\t\t\t\t\t\t\t\t\t\t\t\t\t\t<button data-filter=\".iso-22000\">iso 22000<\/button>\r\n\r\n\t\t\t\t\t\t\t\t\t\t\t\t\t\t\t\t\t<button data-filter=\".iso-45001\">iso 45001<\/button>\r\n\r\n\t\t\t\t\t\t\t\t\t\t\t\t\t\t\t\t\t<button data-filter=\".iso-9001\">iso 9001<\/button>\r\n\r\n\t\t\t\t\t\t\t\t\t\t\t\t\t\t\t<\/div>\r\n\t\t\t\t\t\t<\/div>\r\n\r\n\t\t\t\t\t\t<div class=\"grid col3\">\r\n\r\n\t\t\t\t\t\t\t\t\t\t\t\t\t\t\t\t\t\t\t\t\t\t<div class=\"grid-item en-iso-15593 \">\r\n\t\t\t\t\t\t\t\t\t<a href=\"https:\/\/www.aysubigbag.com\/tr\/project\/en-iso-15593\/\">\r\n\t\t\t\t\t\t\t\t\t\t<figure class=\"gallery-image\">\r\n\t\t\t\t\t\t\t\t\t\t\t<img decoding=\"async\" src=\"https:\/\/www.aysubigbag.com\/tr\/wp-content\/uploads\/sites\/4\/2023\/04\/iso15593-3Featured.png\" alt=\"img\" class=\"img\">      \r\n\t\t\t\t\t\t\t\t\t\t\t<figcaption>EN ISO 15593<\/figcaption>\r\n\t\t\t\t\t\t\t\t\t\t<\/figure>\r\n\t\t\t\t\t\t\t\t\t<\/a>\r\n\t\t\t\t\t\t\t\t<\/div>\r\n\t\t\t\t\t\t\t\t\t\t\t\t\t\t\t<div class=\"grid-item iso-9001 \">\r\n\t\t\t\t\t\t\t\t\t<a href=\"https:\/\/www.aysubigbag.com\/tr\/project\/iso-90012015\/\">\r\n\t\t\t\t\t\t\t\t\t\t<figure class=\"gallery-image\">\r\n\t\t\t\t\t\t\t\t\t\t\t<img decoding=\"async\" src=\"https:\/\/www.aysubigbag.com\/tr\/wp-content\/uploads\/sites\/4\/2023\/04\/iso9001-2Featured.png\" alt=\"img\" class=\"img\">      \r\n\t\t\t\t\t\t\t\t\t\t\t<figcaption>ISO 9001:2015<\/figcaption>\r\n\t\t\t\t\t\t\t\t\t\t<\/figure>\r\n\t\t\t\t\t\t\t\t\t<\/a>\r\n\t\t\t\t\t\t\t\t<\/div>\r\n\t\t\t\t\t\t\t\t\t\t\t\t\t\t\t<div class=\"grid-item iso-10002 \">\r\n\t\t\t\t\t\t\t\t\t<a href=\"https:\/\/www.aysubigbag.com\/tr\/project\/iso-100022018\/\">\r\n\t\t\t\t\t\t\t\t\t\t<figure class=\"gallery-image\">\r\n\t\t\t\t\t\t\t\t\t\t\t<img decoding=\"async\" src=\"https:\/\/www.aysubigbag.com\/tr\/wp-content\/uploads\/sites\/4\/2023\/04\/iso10002-2Featured.png\" alt=\"img\" class=\"img\">      \r\n\t\t\t\t\t\t\t\t\t\t\t<figcaption>ISO 10002:2018<\/figcaption>\r\n\t\t\t\t\t\t\t\t\t\t<\/figure>\r\n\t\t\t\t\t\t\t\t\t<\/a>\r\n\t\t\t\t\t\t\t\t<\/div>\r\n\t\t\t\t\t\t\t\t\t\t\t\t\t\t\t<div class=\"grid-item iso-14001 \">\r\n\t\t\t\t\t\t\t\t\t<a href=\"https:\/\/www.aysubigbag.com\/tr\/project\/iso-140012015\/\">\r\n\t\t\t\t\t\t\t\t\t\t<figure class=\"gallery-image\">\r\n\t\t\t\t\t\t\t\t\t\t\t<img decoding=\"async\" src=\"https:\/\/www.aysubigbag.com\/tr\/wp-content\/uploads\/sites\/4\/2023\/04\/iso14001-2Featured.png\" alt=\"img\" class=\"img\">      \r\n\t\t\t\t\t\t\t\t\t\t\t<figcaption>ISO 14001:2015<\/figcaption>\r\n\t\t\t\t\t\t\t\t\t\t<\/figure>\r\n\t\t\t\t\t\t\t\t\t<\/a>\r\n\t\t\t\t\t\t\t\t<\/div>\r\n\t\t\t\t\t\t\t\t\t\t\t\t\t\t\t<div class=\"grid-item iso-22000 \">\r\n\t\t\t\t\t\t\t\t\t<a href=\"https:\/\/www.aysubigbag.com\/tr\/project\/iso-220002018\/\">\r\n\t\t\t\t\t\t\t\t\t\t<figure class=\"gallery-image\">\r\n\t\t\t\t\t\t\t\t\t\t\t<img decoding=\"async\" src=\"https:\/\/www.aysubigbag.com\/tr\/wp-content\/uploads\/sites\/4\/2023\/04\/iso22000-2Featured.png\" alt=\"img\" class=\"img\">      \r\n\t\t\t\t\t\t\t\t\t\t\t<figcaption>ISO 22000:2018<\/figcaption>\r\n\t\t\t\t\t\t\t\t\t\t<\/figure>\r\n\t\t\t\t\t\t\t\t\t<\/a>\r\n\t\t\t\t\t\t\t\t<\/div>\r\n\t\t\t\t\t\t\t\t\t\t\t\t\t\t\t<div class=\"grid-item iso-45001 \">\r\n\t\t\t\t\t\t\t\t\t<a href=\"https:\/\/www.aysubigbag.com\/tr\/project\/iso-450012018\/\">\r\n\t\t\t\t\t\t\t\t\t\t<figure class=\"gallery-image\">\r\n\t\t\t\t\t\t\t\t\t\t\t<img decoding=\"async\" src=\"https:\/\/www.aysubigbag.com\/tr\/wp-content\/uploads\/sites\/4\/2023\/04\/iso45001-3Featured.png\" alt=\"img\" class=\"img\">      \r\n\t\t\t\t\t\t\t\t\t\t\t<figcaption>ISO 45001:2018<\/figcaption>\r\n\t\t\t\t\t\t\t\t\t\t<\/figure>\r\n\t\t\t\t\t\t\t\t\t<\/a>\r\n\t\t\t\t\t\t\t\t<\/div>\r\n\t\t\t\t\t\t\t\t\t\t\t\t\t<\/div>\r\n\t\t\t\t\t<\/div>\r\n\t\t\t\t<\/div>\r\n\t\t\t<\/section>\r\n\t\t\t\t\t<\/div>\n\t\t\t\t<\/div>\n\t\t\t\t\t<\/div>\n\t\t<\/div>\n\t\t\t\t\t\t\t<\/div>\n\t\t<\/section>\n\t\t\t\t\t\t\t<\/div>\n\t\t","protected":false},"excerpt":{"rendered":"<p>SAH\u0130P OLDU\u011eUMUZ SERT\u0130F\u0130KALAR Home SERT\u0130F\u0130KALARIMIZ All En iso 15593 iso 10002 iso 14001 iso 22000 iso 45001 iso 9001 EN ISO 15593 ISO 9001:2015 ISO 10002:2018 ISO 14001:2015 ISO 22000:2018 ISO 45001:2018<\/p>\n","protected":false},"author":1,"featured_media":0,"parent":0,"menu_order":0,"comment_status":"closed","ping_status":"closed","template":"page-templates\/projects-template.php","meta":[],"yoast_head":"<!-- This site is optimized with the Yoast SEO plugin v21.3 - https:\/\/yoast.com\/wordpress\/plugins\/seo\/ -->\n<title>Sertifikalar\u0131m\u0131z - Aysu Bigbag&#039;e Ho\u015fgeldiniz<\/title>\n<meta name=\"robots\" content=\"index, follow, max-snippet:-1, max-image-preview:large, max-video-preview:-1\" \/>\n<link rel=\"canonical\" href=\"https:\/\/www.aysubigbag.com\/tr\/certificates\/\" \/>\n<meta property=\"og:locale\" content=\"en_US\" \/>\n<meta property=\"og:type\" content=\"article\" \/>\n<meta property=\"og:title\" content=\"Sertifikalar\u0131m\u0131z - Aysu Bigbag&#039;e Ho\u015fgeldiniz\" \/>\n<meta property=\"og:description\" content=\"SAH\u0130P OLDU\u011eUMUZ SERT\u0130F\u0130KALAR Home SERT\u0130F\u0130KALARIMIZ All En iso 15593 iso 10002 iso 14001 iso 22000 iso 45001 iso 9001 EN ISO 15593 ISO 9001:2015 ISO 10002:2018 ISO 14001:2015 ISO 22000:2018 ISO 45001:2018\" \/>\n<meta property=\"og:url\" content=\"https:\/\/www.aysubigbag.com\/tr\/certificates\/\" \/>\n<meta property=\"og:site_name\" content=\"Aysu Bigbag&#039;e Ho\u015fgeldiniz\" \/>\n<meta property=\"article:modified_time\" content=\"2023-07-18T13:52:38+00:00\" \/>\n<meta property=\"og:image\" content=\"https:\/\/www.aysubigbag.com\/tr\/wp-content\/uploads\/sites\/4\/2023\/04\/iso15593-3Featured.png\" \/>\n<meta name=\"twitter:card\" content=\"summary_large_image\" \/>\n<script type=\"application\/ld+json\" class=\"yoast-schema-graph\">{\"@context\":\"https:\/\/schema.org\",\"@graph\":[{\"@type\":\"WebPage\",\"@id\":\"https:\/\/www.aysubigbag.com\/tr\/certificates\/\",\"url\":\"https:\/\/www.aysubigbag.com\/tr\/certificates\/\",\"name\":\"Sertifikalar\u0131m\u0131z - Aysu Bigbag'e Ho\u015fgeldiniz\",\"isPartOf\":{\"@id\":\"https:\/\/www.aysubigbag.com\/tr\/#website\"},\"datePublished\":\"2020-06-25T04:15:37+00:00\",\"dateModified\":\"2023-07-18T13:52:38+00:00\",\"breadcrumb\":{\"@id\":\"https:\/\/www.aysubigbag.com\/tr\/certificates\/#breadcrumb\"},\"inLanguage\":\"en-US\",\"potentialAction\":[{\"@type\":\"ReadAction\",\"target\":[\"https:\/\/www.aysubigbag.com\/tr\/certificates\/\"]}]},{\"@type\":\"BreadcrumbList\",\"@id\":\"https:\/\/www.aysubigbag.com\/tr\/certificates\/#breadcrumb\",\"itemListElement\":[{\"@type\":\"ListItem\",\"position\":1,\"name\":\"Home\",\"item\":\"https:\/\/www.aysubigbag.com\/tr\/\"},{\"@type\":\"ListItem\",\"position\":2,\"name\":\"Sertifikalar\u0131m\u0131z\"}]},{\"@type\":\"WebSite\",\"@id\":\"https:\/\/www.aysubigbag.com\/tr\/#website\",\"url\":\"https:\/\/www.aysubigbag.com\/tr\/\",\"name\":\"Aysu Bigbag'e Ho\u015fgeldiniz\",\"description\":\"\",\"publisher\":{\"@id\":\"https:\/\/www.aysubigbag.com\/tr\/#organization\"},\"potentialAction\":[{\"@type\":\"SearchAction\",\"target\":{\"@type\":\"EntryPoint\",\"urlTemplate\":\"https:\/\/www.aysubigbag.com\/tr\/?s={search_term_string}\"},\"query-input\":\"required name=search_term_string\"}],\"inLanguage\":\"en-US\"},{\"@type\":\"Organization\",\"@id\":\"https:\/\/www.aysubigbag.com\/tr\/#organization\",\"name\":\"Aysu Bigbag\",\"url\":\"https:\/\/www.aysubigbag.com\/tr\/\",\"logo\":{\"@type\":\"ImageObject\",\"inLanguage\":\"en-US\",\"@id\":\"https:\/\/www.aysubigbag.com\/tr\/#\/schema\/logo\/image\/\",\"url\":\"https:\/\/www.aysubigbag.com\/tr\/wp-content\/uploads\/sites\/4\/2023\/04\/logo9.png\",\"contentUrl\":\"https:\/\/www.aysubigbag.com\/tr\/wp-content\/uploads\/sites\/4\/2023\/04\/logo9.png\",\"width\":400,\"height\":200,\"caption\":\"Aysu Bigbag\"},\"image\":{\"@id\":\"https:\/\/www.aysubigbag.com\/tr\/#\/schema\/logo\/image\/\"}}]}<\/script>\n<!-- \/ Yoast SEO plugin. -->","yoast_head_json":{"title":"Sertifikalar\u0131m\u0131z - Aysu Bigbag'e Ho\u015fgeldiniz","robots":{"index":"index","follow":"follow","max-snippet":"max-snippet:-1","max-image-preview":"max-image-preview:large","max-video-preview":"max-video-preview:-1"},"canonical":"https:\/\/www.aysubigbag.com\/tr\/certificates\/","og_locale":"en_US","og_type":"article","og_title":"Sertifikalar\u0131m\u0131z - Aysu Bigbag'e Ho\u015fgeldiniz","og_description":"SAH\u0130P OLDU\u011eUMUZ SERT\u0130F\u0130KALAR Home SERT\u0130F\u0130KALARIMIZ All En iso 15593 iso 10002 iso 14001 iso 22000 iso 45001 iso 9001 EN ISO 15593 ISO 9001:2015 ISO 10002:2018 ISO 14001:2015 ISO 22000:2018 ISO 45001:2018","og_url":"https:\/\/www.aysubigbag.com\/tr\/certificates\/","og_site_name":"Aysu Bigbag'e Ho\u015fgeldiniz","article_modified_time":"2023-07-18T13:52:38+00:00","og_image":[{"url":"https:\/\/www.aysubigbag.com\/tr\/wp-content\/uploads\/sites\/4\/2023\/04\/iso15593-3Featured.png"}],"twitter_card":"summary_large_image","schema":{"@context":"https:\/\/schema.org","@graph":[{"@type":"WebPage","@id":"https:\/\/www.aysubigbag.com\/tr\/certificates\/","url":"https:\/\/www.aysubigbag.com\/tr\/certificates\/","name":"Sertifikalar\u0131m\u0131z - Aysu Bigbag'e Ho\u015fgeldiniz","isPartOf":{"@id":"https:\/\/www.aysubigbag.com\/tr\/#website"},"datePublished":"2020-06-25T04:15:37+00:00","dateModified":"2023-07-18T13:52:38+00:00","breadcrumb":{"@id":"https:\/\/www.aysubigbag.com\/tr\/certificates\/#breadcrumb"},"inLanguage":"en-US","potentialAction":[{"@type":"ReadAction","target":["https:\/\/www.aysubigbag.com\/tr\/certificates\/"]}]},{"@type":"BreadcrumbList","@id":"https:\/\/www.aysubigbag.com\/tr\/certificates\/#breadcrumb","itemListElement":[{"@type":"ListItem","position":1,"name":"Home","item":"https:\/\/www.aysubigbag.com\/tr\/"},{"@type":"ListItem","position":2,"name":"Sertifikalar\u0131m\u0131z"}]},{"@type":"WebSite","@id":"https:\/\/www.aysubigbag.com\/tr\/#website","url":"https:\/\/www.aysubigbag.com\/tr\/","name":"Aysu Bigbag'e Ho\u015fgeldiniz","description":"","publisher":{"@id":"https:\/\/www.aysubigbag.com\/tr\/#organization"},"potentialAction":[{"@type":"SearchAction","target":{"@type":"EntryPoint","urlTemplate":"https:\/\/www.aysubigbag.com\/tr\/?s={search_term_string}"},"query-input":"required name=search_term_string"}],"inLanguage":"en-US"},{"@type":"Organization","@id":"https:\/\/www.aysubigbag.com\/tr\/#organization","name":"Aysu Bigbag","url":"https:\/\/www.aysubigbag.com\/tr\/","logo":{"@type":"ImageObject","inLanguage":"en-US","@id":"https:\/\/www.aysubigbag.com\/tr\/#\/schema\/logo\/image\/","url":"https:\/\/www.aysubigbag.com\/tr\/wp-content\/uploads\/sites\/4\/2023\/04\/logo9.png","contentUrl":"https:\/\/www.aysubigbag.com\/tr\/wp-content\/uploads\/sites\/4\/2023\/04\/logo9.png","width":400,"height":200,"caption":"Aysu Bigbag"},"image":{"@id":"https:\/\/www.aysubigbag.com\/tr\/#\/schema\/logo\/image\/"}}]}},"_links":{"self":[{"href":"https:\/\/www.aysubigbag.com\/tr\/wp-json\/wp\/v2\/pages\/66"}],"collection":[{"href":"https:\/\/www.aysubigbag.com\/tr\/wp-json\/wp\/v2\/pages"}],"about":[{"href":"https:\/\/www.aysubigbag.com\/tr\/wp-json\/wp\/v2\/types\/page"}],"author":[{"embeddable":true,"href":"https:\/\/www.aysubigbag.com\/tr\/wp-json\/wp\/v2\/users\/1"}],"replies":[{"embeddable":true,"href":"https:\/\/www.aysubigbag.com\/tr\/wp-json\/wp\/v2\/comments?post=66"}],"version-history":[{"count":4,"href":"https:\/\/www.aysubigbag.com\/tr\/wp-json\/wp\/v2\/pages\/66\/revisions"}],"predecessor-version":[{"id":1496,"href":"https:\/\/www.aysubigbag.com\/tr\/wp-json\/wp\/v2\/pages\/66\/revisions\/1496"}],"wp:attachment":[{"href":"https:\/\/www.aysubigbag.com\/tr\/wp-json\/wp\/v2\/media?parent=66"}],"curies":[{"name":"wp","href":"https:\/\/api.w.org\/{rel}","templated":true}]}}