{"id":774,"date":"2023-04-21T01:50:26","date_gmt":"2023-04-20T22:50:26","guid":{"rendered":"https:\/\/www.aysubigbag.com\/?page_id=774"},"modified":"2023-07-18T13:51:08","modified_gmt":"2023-07-18T13:51:08","slug":"dustproof-and-sewing","status":"publish","type":"page","link":"https:\/\/www.aysubigbag.com\/tr\/specification\/dustproof-and-sewing\/","title":{"rendered":"Toz Ge\u00e7irmezlik ve Dikim"},"content":{"rendered":"\t\t<div data-elementor-type=\"wp-page\" data-elementor-id=\"774\" class=\"elementor elementor-774\">\n\t\t\t\t\t\t\t<div class=\"elementor-element elementor-element-8abb619 e-flex e-con-boxed e-con\" data-id=\"8abb619\" data-element_type=\"container\" data-settings=\"{&quot;content_width&quot;:&quot;boxed&quot;}\">\n\t\t\t\t\t<div class=\"e-con-inner\">\n\t\t\t\t<div class=\"elementor-element elementor-element-0e7423c elementor-widget elementor-widget-text-editor\" data-id=\"0e7423c\" data-element_type=\"widget\" data-widget_type=\"text-editor.default\">\n\t\t\t\t<div class=\"elementor-widget-container\">\n\t\t\t<style>\/*! elementor - v3.14.0 - 26-06-2023 *\/\n.elementor-widget-text-editor.elementor-drop-cap-view-stacked .elementor-drop-cap{background-color:#69727d;color:#fff}.elementor-widget-text-editor.elementor-drop-cap-view-framed .elementor-drop-cap{color:#69727d;border:3px solid;background-color:transparent}.elementor-widget-text-editor:not(.elementor-drop-cap-view-default) .elementor-drop-cap{margin-top:8px}.elementor-widget-text-editor:not(.elementor-drop-cap-view-default) .elementor-drop-cap-letter{width:1em;height:1em}.elementor-widget-text-editor .elementor-drop-cap{float:left;text-align:center;line-height:1;font-size:50px}.elementor-widget-text-editor .elementor-drop-cap-letter{display:inline-block}<\/style>\t\t\t\t<blockquote><p>FIBC&#8217;yi m\u00fch\u00fcrleme ve dikme i\u00e7in \u00e7e\u015fitli se\u00e7enekler vard\u0131r. Kullan\u0131lacak toz ge\u00e7irmez diki\u015f t\u00fcr\u00fc, big bag&#8217;e konulacak malzemeye ba\u011fl\u0131d\u0131r.<\/p><\/blockquote>\t\t\t\t\t\t<\/div>\n\t\t\t\t<\/div>\n\t\t\t\t\t<\/div>\n\t\t\t\t<\/div>\n\t\t<div class=\"elementor-element elementor-element-4b79751 e-flex e-con-boxed e-con\" data-id=\"4b79751\" data-element_type=\"container\" data-settings=\"{&quot;content_width&quot;:&quot;boxed&quot;}\">\n\t\t\t\t\t<div class=\"e-con-inner\">\n\t\t\t\t<div class=\"elementor-element elementor-element-0880878 elementor-widget elementor-widget-heading\" data-id=\"0880878\" data-element_type=\"widget\" data-widget_type=\"heading.default\">\n\t\t\t\t<div class=\"elementor-widget-container\">\n\t\t\t<style>\/*! elementor - v3.14.0 - 26-06-2023 *\/\n.elementor-heading-title{padding:0;margin:0;line-height:1}.elementor-widget-heading .elementor-heading-title[class*=elementor-size-]>a{color:inherit;font-size:inherit;line-height:inherit}.elementor-widget-heading .elementor-heading-title.elementor-size-small{font-size:15px}.elementor-widget-heading .elementor-heading-title.elementor-size-medium{font-size:19px}.elementor-widget-heading .elementor-heading-title.elementor-size-large{font-size:29px}.elementor-widget-heading .elementor-heading-title.elementor-size-xl{font-size:39px}.elementor-widget-heading .elementor-heading-title.elementor-size-xxl{font-size:59px}<\/style><h2 class=\"elementor-heading-title elementor-size-default\">TOZ TUTMAYAN BANTLAR<\/h2>\t\t<\/div>\n\t\t\t\t<\/div>\n\t\t\t\t<div class=\"elementor-element elementor-element-b683fde elementor-widget elementor-widget-text-editor\" data-id=\"b683fde\" data-element_type=\"widget\" data-widget_type=\"text-editor.default\">\n\t\t\t\t<div class=\"elementor-widget-container\">\n\t\t\t\t\t\t\t<blockquote><p>FIBC toz ge\u00e7irmez yap\u0131n\u0131n birka\u00e7 seviyesi vard\u0131r. Kullan\u0131c\u0131lar, ihtiya\u00e7lar\u0131n\u0131 kar\u015f\u0131layan toz ge\u00e7irmezlik seviyesini se\u00e7ebilir. Al\u0131c\u0131n\u0131n big bag tecr\u00fcbesi olmamas\u0131 durumunda, sat\u0131\u015f m\u00fcd\u00fcrlerimizin ihtiya\u00e7lar\u0131na uygun bir teklifi vard\u0131r. Daha sonra, pratikte bu tip malzeme i\u00e7in yeterli oldu\u011fu kan\u0131tlanan toz ge\u00e7irmezlik derecesi \u00f6nerilmi\u015ftir.<\/p><p>\u00a0<\/p><\/blockquote><p>S\u0131zd\u0131rmazl\u0131k \u015feritleri jumbo po\u015fetin g\u00f6vdesine yerle\u015ftirilebilir:<\/p><p>&#8211; FIBC boyunca,<br \/>&#8211; Torban\u0131n y\u00fcksekli\u011fi boyunca, altta ve \u00e7\u0131k\u0131\u015f a\u011fz\u0131nda,<br \/>&#8211; Sadece alt k\u0131s\u0131mda ve \u00e7\u0131k\u0131\u015f a\u011fz\u0131nda,<br \/>&#8211; Veya kaplanmam\u0131\u015f Q-bag&#8217;lerde sadece b\u00f6lmelerde.<\/p>\t\t\t\t\t\t<\/div>\n\t\t\t\t<\/div>\n\t\t\t\t\t<\/div>\n\t\t\t\t<\/div>\n\t\t\t\t\t\t\t<\/div>\n\t\t","protected":false},"excerpt":{"rendered":"<p>FIBC&#8217;yi m\u00fch\u00fcrleme ve dikme i\u00e7in \u00e7e\u015fitli se\u00e7enekler vard\u0131r. Kullan\u0131lacak toz ge\u00e7irmez diki\u015f t\u00fcr\u00fc, big bag&#8217;e konulacak malzemeye ba\u011fl\u0131d\u0131r. TOZ TUTMAYAN BANTLAR FIBC toz ge\u00e7irmez yap\u0131n\u0131n birka\u00e7 seviyesi vard\u0131r. Kullan\u0131c\u0131lar, ihtiya\u00e7lar\u0131n\u0131 kar\u015f\u0131layan toz ge\u00e7irmezlik seviyesini se\u00e7ebilir. Al\u0131c\u0131n\u0131n big bag tecr\u00fcbesi olmamas\u0131 durumunda, sat\u0131\u015f m\u00fcd\u00fcrlerimizin ihtiya\u00e7lar\u0131na uygun bir teklifi vard\u0131r. Daha sonra, pratikte bu tip malzeme i\u00e7in [&hellip;]<\/p>\n","protected":false},"author":1,"featured_media":1316,"parent":415,"menu_order":0,"comment_status":"closed","ping_status":"closed","template":"page-templates\/single-specification.php","meta":[],"yoast_head":"<!-- This site is optimized with the Yoast SEO plugin v21.3 - https:\/\/yoast.com\/wordpress\/plugins\/seo\/ -->\n<title>Toz Ge\u00e7irmezlik ve Dikim - Aysu Bigbag&#039;e Ho\u015fgeldiniz<\/title>\n<meta name=\"robots\" content=\"index, follow, max-snippet:-1, max-image-preview:large, max-video-preview:-1\" \/>\n<link rel=\"canonical\" href=\"https:\/\/www.aysubigbag.com\/tr\/specification\/dustproof-and-sewing\/\" \/>\n<meta property=\"og:locale\" content=\"en_US\" \/>\n<meta property=\"og:type\" content=\"article\" \/>\n<meta property=\"og:title\" content=\"Toz Ge\u00e7irmezlik ve Dikim - Aysu Bigbag&#039;e Ho\u015fgeldiniz\" \/>\n<meta property=\"og:description\" content=\"FIBC&#8217;yi m\u00fch\u00fcrleme ve dikme i\u00e7in \u00e7e\u015fitli se\u00e7enekler vard\u0131r. Kullan\u0131lacak toz ge\u00e7irmez diki\u015f t\u00fcr\u00fc, big bag&#8217;e konulacak malzemeye ba\u011fl\u0131d\u0131r. TOZ TUTMAYAN BANTLAR FIBC toz ge\u00e7irmez yap\u0131n\u0131n birka\u00e7 seviyesi vard\u0131r. Kullan\u0131c\u0131lar, ihtiya\u00e7lar\u0131n\u0131 kar\u015f\u0131layan toz ge\u00e7irmezlik seviyesini se\u00e7ebilir. Al\u0131c\u0131n\u0131n big bag tecr\u00fcbesi olmamas\u0131 durumunda, sat\u0131\u015f m\u00fcd\u00fcrlerimizin ihtiya\u00e7lar\u0131na uygun bir teklifi vard\u0131r. Daha sonra, pratikte bu tip malzeme i\u00e7in [&hellip;]\" \/>\n<meta property=\"og:url\" content=\"https:\/\/www.aysubigbag.com\/tr\/specification\/dustproof-and-sewing\/\" \/>\n<meta property=\"og:site_name\" content=\"Aysu Bigbag&#039;e Ho\u015fgeldiniz\" \/>\n<meta property=\"article:modified_time\" content=\"2023-07-18T13:51:08+00:00\" \/>\n<meta property=\"og:image\" content=\"https:\/\/www.aysubigbag.com\/tr\/wp-content\/uploads\/sites\/4\/2023\/05\/dust.png\" \/>\n\t<meta property=\"og:image:width\" content=\"512\" \/>\n\t<meta property=\"og:image:height\" content=\"512\" \/>\n\t<meta property=\"og:image:type\" content=\"image\/png\" \/>\n<meta name=\"twitter:card\" content=\"summary_large_image\" \/>\n<meta name=\"twitter:label1\" content=\"Est. reading time\" \/>\n\t<meta name=\"twitter:data1\" content=\"1 minute\" \/>\n<script type=\"application\/ld+json\" class=\"yoast-schema-graph\">{\"@context\":\"https:\/\/schema.org\",\"@graph\":[{\"@type\":\"WebPage\",\"@id\":\"https:\/\/www.aysubigbag.com\/tr\/specification\/dustproof-and-sewing\/\",\"url\":\"https:\/\/www.aysubigbag.com\/tr\/specification\/dustproof-and-sewing\/\",\"name\":\"Toz Ge\u00e7irmezlik ve Dikim - Aysu Bigbag'e Ho\u015fgeldiniz\",\"isPartOf\":{\"@id\":\"https:\/\/www.aysubigbag.com\/tr\/#website\"},\"datePublished\":\"2023-04-20T22:50:26+00:00\",\"dateModified\":\"2023-07-18T13:51:08+00:00\",\"breadcrumb\":{\"@id\":\"https:\/\/www.aysubigbag.com\/tr\/specification\/dustproof-and-sewing\/#breadcrumb\"},\"inLanguage\":\"en-US\",\"potentialAction\":[{\"@type\":\"ReadAction\",\"target\":[\"https:\/\/www.aysubigbag.com\/tr\/specification\/dustproof-and-sewing\/\"]}]},{\"@type\":\"BreadcrumbList\",\"@id\":\"https:\/\/www.aysubigbag.com\/tr\/specification\/dustproof-and-sewing\/#breadcrumb\",\"itemListElement\":[{\"@type\":\"ListItem\",\"position\":1,\"name\":\"Home\",\"item\":\"https:\/\/www.aysubigbag.com\/tr\/\"},{\"@type\":\"ListItem\",\"position\":2,\"name\":\"\u00d6zellikler\",\"item\":\"https:\/\/www.aysubigbag.com\/tr\/specification\/\"},{\"@type\":\"ListItem\",\"position\":3,\"name\":\"Toz Ge\u00e7irmezlik ve Dikim\"}]},{\"@type\":\"WebSite\",\"@id\":\"https:\/\/www.aysubigbag.com\/tr\/#website\",\"url\":\"https:\/\/www.aysubigbag.com\/tr\/\",\"name\":\"Aysu Bigbag'e Ho\u015fgeldiniz\",\"description\":\"\",\"publisher\":{\"@id\":\"https:\/\/www.aysubigbag.com\/tr\/#organization\"},\"potentialAction\":[{\"@type\":\"SearchAction\",\"target\":{\"@type\":\"EntryPoint\",\"urlTemplate\":\"https:\/\/www.aysubigbag.com\/tr\/?s={search_term_string}\"},\"query-input\":\"required name=search_term_string\"}],\"inLanguage\":\"en-US\"},{\"@type\":\"Organization\",\"@id\":\"https:\/\/www.aysubigbag.com\/tr\/#organization\",\"name\":\"Aysu Bigbag\",\"url\":\"https:\/\/www.aysubigbag.com\/tr\/\",\"logo\":{\"@type\":\"ImageObject\",\"inLanguage\":\"en-US\",\"@id\":\"https:\/\/www.aysubigbag.com\/tr\/#\/schema\/logo\/image\/\",\"url\":\"https:\/\/www.aysubigbag.com\/tr\/wp-content\/uploads\/sites\/4\/2023\/04\/logo9.png\",\"contentUrl\":\"https:\/\/www.aysubigbag.com\/tr\/wp-content\/uploads\/sites\/4\/2023\/04\/logo9.png\",\"width\":400,\"height\":200,\"caption\":\"Aysu Bigbag\"},\"image\":{\"@id\":\"https:\/\/www.aysubigbag.com\/tr\/#\/schema\/logo\/image\/\"}}]}<\/script>\n<!-- \/ Yoast SEO plugin. -->","yoast_head_json":{"title":"Toz Ge\u00e7irmezlik ve Dikim - Aysu Bigbag'e Ho\u015fgeldiniz","robots":{"index":"index","follow":"follow","max-snippet":"max-snippet:-1","max-image-preview":"max-image-preview:large","max-video-preview":"max-video-preview:-1"},"canonical":"https:\/\/www.aysubigbag.com\/tr\/specification\/dustproof-and-sewing\/","og_locale":"en_US","og_type":"article","og_title":"Toz Ge\u00e7irmezlik ve Dikim - Aysu Bigbag'e Ho\u015fgeldiniz","og_description":"FIBC&#8217;yi m\u00fch\u00fcrleme ve dikme i\u00e7in \u00e7e\u015fitli se\u00e7enekler vard\u0131r. Kullan\u0131lacak toz ge\u00e7irmez diki\u015f t\u00fcr\u00fc, big bag&#8217;e konulacak malzemeye ba\u011fl\u0131d\u0131r. TOZ TUTMAYAN BANTLAR FIBC toz ge\u00e7irmez yap\u0131n\u0131n birka\u00e7 seviyesi vard\u0131r. Kullan\u0131c\u0131lar, ihtiya\u00e7lar\u0131n\u0131 kar\u015f\u0131layan toz ge\u00e7irmezlik seviyesini se\u00e7ebilir. Al\u0131c\u0131n\u0131n big bag tecr\u00fcbesi olmamas\u0131 durumunda, sat\u0131\u015f m\u00fcd\u00fcrlerimizin ihtiya\u00e7lar\u0131na uygun bir teklifi vard\u0131r. Daha sonra, pratikte bu tip malzeme i\u00e7in [&hellip;]","og_url":"https:\/\/www.aysubigbag.com\/tr\/specification\/dustproof-and-sewing\/","og_site_name":"Aysu Bigbag'e Ho\u015fgeldiniz","article_modified_time":"2023-07-18T13:51:08+00:00","og_image":[{"width":512,"height":512,"url":"https:\/\/www.aysubigbag.com\/tr\/wp-content\/uploads\/sites\/4\/2023\/05\/dust.png","type":"image\/png"}],"twitter_card":"summary_large_image","twitter_misc":{"Est. reading time":"1 minute"},"schema":{"@context":"https:\/\/schema.org","@graph":[{"@type":"WebPage","@id":"https:\/\/www.aysubigbag.com\/tr\/specification\/dustproof-and-sewing\/","url":"https:\/\/www.aysubigbag.com\/tr\/specification\/dustproof-and-sewing\/","name":"Toz Ge\u00e7irmezlik ve Dikim - Aysu Bigbag'e Ho\u015fgeldiniz","isPartOf":{"@id":"https:\/\/www.aysubigbag.com\/tr\/#website"},"datePublished":"2023-04-20T22:50:26+00:00","dateModified":"2023-07-18T13:51:08+00:00","breadcrumb":{"@id":"https:\/\/www.aysubigbag.com\/tr\/specification\/dustproof-and-sewing\/#breadcrumb"},"inLanguage":"en-US","potentialAction":[{"@type":"ReadAction","target":["https:\/\/www.aysubigbag.com\/tr\/specification\/dustproof-and-sewing\/"]}]},{"@type":"BreadcrumbList","@id":"https:\/\/www.aysubigbag.com\/tr\/specification\/dustproof-and-sewing\/#breadcrumb","itemListElement":[{"@type":"ListItem","position":1,"name":"Home","item":"https:\/\/www.aysubigbag.com\/tr\/"},{"@type":"ListItem","position":2,"name":"\u00d6zellikler","item":"https:\/\/www.aysubigbag.com\/tr\/specification\/"},{"@type":"ListItem","position":3,"name":"Toz Ge\u00e7irmezlik ve Dikim"}]},{"@type":"WebSite","@id":"https:\/\/www.aysubigbag.com\/tr\/#website","url":"https:\/\/www.aysubigbag.com\/tr\/","name":"Aysu Bigbag'e Ho\u015fgeldiniz","description":"","publisher":{"@id":"https:\/\/www.aysubigbag.com\/tr\/#organization"},"potentialAction":[{"@type":"SearchAction","target":{"@type":"EntryPoint","urlTemplate":"https:\/\/www.aysubigbag.com\/tr\/?s={search_term_string}"},"query-input":"required name=search_term_string"}],"inLanguage":"en-US"},{"@type":"Organization","@id":"https:\/\/www.aysubigbag.com\/tr\/#organization","name":"Aysu Bigbag","url":"https:\/\/www.aysubigbag.com\/tr\/","logo":{"@type":"ImageObject","inLanguage":"en-US","@id":"https:\/\/www.aysubigbag.com\/tr\/#\/schema\/logo\/image\/","url":"https:\/\/www.aysubigbag.com\/tr\/wp-content\/uploads\/sites\/4\/2023\/04\/logo9.png","contentUrl":"https:\/\/www.aysubigbag.com\/tr\/wp-content\/uploads\/sites\/4\/2023\/04\/logo9.png","width":400,"height":200,"caption":"Aysu Bigbag"},"image":{"@id":"https:\/\/www.aysubigbag.com\/tr\/#\/schema\/logo\/image\/"}}]}},"_links":{"self":[{"href":"https:\/\/www.aysubigbag.com\/tr\/wp-json\/wp\/v2\/pages\/774"}],"collection":[{"href":"https:\/\/www.aysubigbag.com\/tr\/wp-json\/wp\/v2\/pages"}],"about":[{"href":"https:\/\/www.aysubigbag.com\/tr\/wp-json\/wp\/v2\/types\/page"}],"author":[{"embeddable":true,"href":"https:\/\/www.aysubigbag.com\/tr\/wp-json\/wp\/v2\/users\/1"}],"replies":[{"embeddable":true,"href":"https:\/\/www.aysubigbag.com\/tr\/wp-json\/wp\/v2\/comments?post=774"}],"version-history":[{"count":4,"href":"https:\/\/www.aysubigbag.com\/tr\/wp-json\/wp\/v2\/pages\/774\/revisions"}],"predecessor-version":[{"id":1493,"href":"https:\/\/www.aysubigbag.com\/tr\/wp-json\/wp\/v2\/pages\/774\/revisions\/1493"}],"up":[{"embeddable":true,"href":"https:\/\/www.aysubigbag.com\/tr\/wp-json\/wp\/v2\/pages\/415"}],"wp:featuredmedia":[{"embeddable":true,"href":"https:\/\/www.aysubigbag.com\/tr\/wp-json\/wp\/v2\/media\/1316"}],"wp:attachment":[{"href":"https:\/\/www.aysubigbag.com\/tr\/wp-json\/wp\/v2\/media?parent=774"}],"curies":[{"name":"wp","href":"https:\/\/api.w.org\/{rel}","templated":true}]}}