{"id":786,"date":"2023-04-21T01:59:40","date_gmt":"2023-04-20T22:59:40","guid":{"rendered":"https:\/\/www.aysubigbag.com\/?page_id=786"},"modified":"2023-07-18T13:48:44","modified_gmt":"2023-07-18T13:48:44","slug":"printing","status":"publish","type":"page","link":"https:\/\/www.aysubigbag.com\/tr\/specification\/printing\/","title":{"rendered":"Torbalara Bask\u0131"},"content":{"rendered":"\t\t<div data-elementor-type=\"wp-page\" data-elementor-id=\"786\" class=\"elementor elementor-786\">\n\t\t\t\t\t\t\t<div class=\"elementor-element elementor-element-77877a9 e-flex e-con-boxed e-con\" data-id=\"77877a9\" data-element_type=\"container\" data-settings=\"{&quot;content_width&quot;:&quot;boxed&quot;}\">\n\t\t\t\t\t<div class=\"e-con-inner\">\n\t\t\t\t<div class=\"elementor-element elementor-element-103379c elementor-widget elementor-widget-heading\" data-id=\"103379c\" data-element_type=\"widget\" data-widget_type=\"heading.default\">\n\t\t\t\t<div class=\"elementor-widget-container\">\n\t\t\t<style>\/*! elementor - v3.14.0 - 26-06-2023 *\/\n.elementor-heading-title{padding:0;margin:0;line-height:1}.elementor-widget-heading .elementor-heading-title[class*=elementor-size-]>a{color:inherit;font-size:inherit;line-height:inherit}.elementor-widget-heading .elementor-heading-title.elementor-size-small{font-size:15px}.elementor-widget-heading .elementor-heading-title.elementor-size-medium{font-size:19px}.elementor-widget-heading .elementor-heading-title.elementor-size-large{font-size:29px}.elementor-widget-heading .elementor-heading-title.elementor-size-xl{font-size:39px}.elementor-widget-heading .elementor-heading-title.elementor-size-xxl{font-size:59px}<\/style><h2 class=\"elementor-heading-title elementor-size-default\">B\u0130G BAG TORBALARA BASKI<\/h2>\t\t<\/div>\n\t\t\t\t<\/div>\n\t\t\t\t<div class=\"elementor-element elementor-element-97052de elementor-widget elementor-widget-text-editor\" data-id=\"97052de\" data-element_type=\"widget\" data-widget_type=\"text-editor.default\">\n\t\t\t\t<div class=\"elementor-widget-container\">\n\t\t\t<style>\/*! elementor - v3.14.0 - 26-06-2023 *\/\n.elementor-widget-text-editor.elementor-drop-cap-view-stacked .elementor-drop-cap{background-color:#69727d;color:#fff}.elementor-widget-text-editor.elementor-drop-cap-view-framed .elementor-drop-cap{color:#69727d;border:3px solid;background-color:transparent}.elementor-widget-text-editor:not(.elementor-drop-cap-view-default) .elementor-drop-cap{margin-top:8px}.elementor-widget-text-editor:not(.elementor-drop-cap-view-default) .elementor-drop-cap-letter{width:1em;height:1em}.elementor-widget-text-editor .elementor-drop-cap{float:left;text-align:center;line-height:1;font-size:50px}.elementor-widget-text-editor .elementor-drop-cap-letter{display:inline-block}<\/style>\t\t\t\t<p><strong>Big bag\u2019lere<\/strong>\u00a0\u00a0\u00e7e\u015fitli bask\u0131 tekniklerinde bask\u0131 yap\u0131labilmektedir.\u00a0<strong>Flekso bask\u0131<\/strong>\u00a0kullan\u0131yoruz\u00a0\u00a0, yani bask\u0131 do\u011frudan flekso kli\u015fe yani kli\u015feden malzemeye aktar\u0131l\u0131yor.\u00a0Bu bask\u0131 tekni\u011fi en \u00e7ok ambalaj malzemelerinin bask\u0131s\u0131nda kullan\u0131l\u0131r.<\/p><p>FIBC\u2019yi \u00fc\u00e7 renge kadar yazd\u0131rabiliriz ve \u00fc\u00e7ten fazla\u00a0\u00a0<strong>renge<\/strong>\u00a0ihtiyac\u0131n\u0131z varsa ayn\u0131 malzeme birka\u00e7 kez serbest b\u0131rak\u0131labilir .<\/p><p style=\"padding-left: 40px;\">Maksimum bask\u0131 geni\u015fli\u011fi 1000 mm\u2019dir,<\/p><p style=\"padding-left: 40px;\">Maksimum bask\u0131 uzunlu\u011fu 1900 mm\u2019dir,<\/p><p style=\"padding-left: 40px;\">Bas\u0131labilen bir toplu torban\u0131n maksimum y\u00fcksekli\u011fi 2100 mm\u2019dir.<\/p>\t\t\t\t\t\t<\/div>\n\t\t\t\t<\/div>\n\t\t\t\t<div class=\"elementor-element elementor-element-7dc923f elementor-widget elementor-widget-heading\" data-id=\"7dc923f\" data-element_type=\"widget\" data-widget_type=\"heading.default\">\n\t\t\t\t<div class=\"elementor-widget-container\">\n\t\t\t<h4 class=\"elementor-heading-title elementor-size-default\">B\u00dcY\u00dcK TORBALARIN \u00dcZER\u0130NDEK\u0130 RES\u0130M GENELL\u0130KLE A\u015eA\u011eIDAK\u0130LERDEN B\u0130R VEYA DAHA FAZLASINI G\u00d6STER\u0130R<\/h4>\t\t<\/div>\n\t\t\t\t<\/div>\n\t\t\t\t<div class=\"elementor-element elementor-element-588e6d6 elementor-widget elementor-widget-text-editor\" data-id=\"588e6d6\" data-element_type=\"widget\" data-widget_type=\"text-editor.default\">\n\t\t\t\t<div class=\"elementor-widget-container\">\n\t\t\t\t\t\t\t<ul><li>&#8211; \u015firket logosu ve ad\u0131,<\/li><li>&#8211; big baglerde saklanan malzemenin ad\u0131,<\/li><li>&#8211; tehlikeli madde uyar\u0131 levhas\u0131,<\/li><li>&#8211; big bag do\u011fru kullan\u0131m talimatlar\u0131,<\/li><li>&#8211; big bag uygun imha ve saklama levhas\u0131,<\/li><li>&#8211; big bag\u2019de saklanan malzemelerin uygun \u015fekilde geri d\u00f6n\u00fc\u015ft\u00fcr\u00fcld\u00fc\u011f\u00fcne dair bir i\u015faret veya<\/li><li>&#8211; FIBC uygun geri d\u00f6n\u00fc\u015f\u00fcm i\u015fareti.<\/li><\/ul><p>\u00a0<\/p><p><strong>D\u00f6kme torba bask\u0131s\u0131nda kullan\u0131lan renkler<\/strong>\u00a0\u00a0alkol bazl\u0131 olup bask\u0131 yap\u0131lacak malzemeye \u00e7ok iyi yap\u0131\u015f\u0131r.\u00a0<strong>Renkler Pantone renk sisteminden<\/strong>\u00a0se\u00e7ilebilir\u00a0\u00a0.<\/p>\t\t\t\t\t\t<\/div>\n\t\t\t\t<\/div>\n\t\t\t\t\t<\/div>\n\t\t\t\t<\/div>\n\t\t\t\t\t\t\t<\/div>\n\t\t","protected":false},"excerpt":{"rendered":"<p>B\u0130G BAG TORBALARA BASKI Big bag\u2019lere\u00a0\u00a0\u00e7e\u015fitli bask\u0131 tekniklerinde bask\u0131 yap\u0131labilmektedir.\u00a0Flekso bask\u0131\u00a0kullan\u0131yoruz\u00a0\u00a0, yani bask\u0131 do\u011frudan flekso kli\u015fe yani kli\u015feden malzemeye aktar\u0131l\u0131yor.\u00a0Bu bask\u0131 tekni\u011fi en \u00e7ok ambalaj malzemelerinin bask\u0131s\u0131nda kullan\u0131l\u0131r. FIBC\u2019yi \u00fc\u00e7 renge kadar yazd\u0131rabiliriz ve \u00fc\u00e7ten fazla\u00a0\u00a0renge\u00a0ihtiyac\u0131n\u0131z varsa ayn\u0131 malzeme birka\u00e7 kez serbest b\u0131rak\u0131labilir . Maksimum bask\u0131 geni\u015fli\u011fi 1000 mm\u2019dir, Maksimum bask\u0131 uzunlu\u011fu 1900 mm\u2019dir, Bas\u0131labilen [&hellip;]<\/p>\n","protected":false},"author":1,"featured_media":1322,"parent":415,"menu_order":0,"comment_status":"closed","ping_status":"closed","template":"page-templates\/single-specification.php","meta":[],"yoast_head":"<!-- This site is optimized with the Yoast SEO plugin v21.3 - https:\/\/yoast.com\/wordpress\/plugins\/seo\/ -->\n<title>Torbalara Bask\u0131 - Aysu Bigbag&#039;e Ho\u015fgeldiniz<\/title>\n<meta name=\"robots\" content=\"index, follow, max-snippet:-1, max-image-preview:large, max-video-preview:-1\" \/>\n<link rel=\"canonical\" href=\"https:\/\/www.aysubigbag.com\/tr\/specification\/printing\/\" \/>\n<meta property=\"og:locale\" content=\"en_US\" \/>\n<meta property=\"og:type\" content=\"article\" \/>\n<meta property=\"og:title\" content=\"Torbalara Bask\u0131 - Aysu Bigbag&#039;e Ho\u015fgeldiniz\" \/>\n<meta property=\"og:description\" content=\"B\u0130G BAG TORBALARA BASKI Big bag\u2019lere\u00a0\u00a0\u00e7e\u015fitli bask\u0131 tekniklerinde bask\u0131 yap\u0131labilmektedir.\u00a0Flekso bask\u0131\u00a0kullan\u0131yoruz\u00a0\u00a0, yani bask\u0131 do\u011frudan flekso kli\u015fe yani kli\u015feden malzemeye aktar\u0131l\u0131yor.\u00a0Bu bask\u0131 tekni\u011fi en \u00e7ok ambalaj malzemelerinin bask\u0131s\u0131nda kullan\u0131l\u0131r. FIBC\u2019yi \u00fc\u00e7 renge kadar yazd\u0131rabiliriz ve \u00fc\u00e7ten fazla\u00a0\u00a0renge\u00a0ihtiyac\u0131n\u0131z varsa ayn\u0131 malzeme birka\u00e7 kez serbest b\u0131rak\u0131labilir . Maksimum bask\u0131 geni\u015fli\u011fi 1000 mm\u2019dir, Maksimum bask\u0131 uzunlu\u011fu 1900 mm\u2019dir, Bas\u0131labilen [&hellip;]\" \/>\n<meta property=\"og:url\" content=\"https:\/\/www.aysubigbag.com\/tr\/specification\/printing\/\" \/>\n<meta property=\"og:site_name\" content=\"Aysu Bigbag&#039;e Ho\u015fgeldiniz\" \/>\n<meta property=\"article:modified_time\" content=\"2023-07-18T13:48:44+00:00\" \/>\n<meta property=\"og:image\" content=\"https:\/\/www.aysubigbag.com\/tr\/wp-content\/uploads\/sites\/4\/2023\/05\/printing.png\" \/>\n\t<meta property=\"og:image:width\" content=\"512\" \/>\n\t<meta property=\"og:image:height\" content=\"512\" \/>\n\t<meta property=\"og:image:type\" content=\"image\/png\" \/>\n<meta name=\"twitter:card\" content=\"summary_large_image\" \/>\n<meta name=\"twitter:label1\" content=\"Est. reading time\" \/>\n\t<meta name=\"twitter:data1\" content=\"1 minute\" \/>\n<script type=\"application\/ld+json\" class=\"yoast-schema-graph\">{\"@context\":\"https:\/\/schema.org\",\"@graph\":[{\"@type\":\"WebPage\",\"@id\":\"https:\/\/www.aysubigbag.com\/tr\/specification\/printing\/\",\"url\":\"https:\/\/www.aysubigbag.com\/tr\/specification\/printing\/\",\"name\":\"Torbalara Bask\u0131 - Aysu Bigbag'e Ho\u015fgeldiniz\",\"isPartOf\":{\"@id\":\"https:\/\/www.aysubigbag.com\/tr\/#website\"},\"datePublished\":\"2023-04-20T22:59:40+00:00\",\"dateModified\":\"2023-07-18T13:48:44+00:00\",\"breadcrumb\":{\"@id\":\"https:\/\/www.aysubigbag.com\/tr\/specification\/printing\/#breadcrumb\"},\"inLanguage\":\"en-US\",\"potentialAction\":[{\"@type\":\"ReadAction\",\"target\":[\"https:\/\/www.aysubigbag.com\/tr\/specification\/printing\/\"]}]},{\"@type\":\"BreadcrumbList\",\"@id\":\"https:\/\/www.aysubigbag.com\/tr\/specification\/printing\/#breadcrumb\",\"itemListElement\":[{\"@type\":\"ListItem\",\"position\":1,\"name\":\"Home\",\"item\":\"https:\/\/www.aysubigbag.com\/tr\/\"},{\"@type\":\"ListItem\",\"position\":2,\"name\":\"\u00d6zellikler\",\"item\":\"https:\/\/www.aysubigbag.com\/tr\/specification\/\"},{\"@type\":\"ListItem\",\"position\":3,\"name\":\"Torbalara Bask\u0131\"}]},{\"@type\":\"WebSite\",\"@id\":\"https:\/\/www.aysubigbag.com\/tr\/#website\",\"url\":\"https:\/\/www.aysubigbag.com\/tr\/\",\"name\":\"Aysu Bigbag'e Ho\u015fgeldiniz\",\"description\":\"\",\"publisher\":{\"@id\":\"https:\/\/www.aysubigbag.com\/tr\/#organization\"},\"potentialAction\":[{\"@type\":\"SearchAction\",\"target\":{\"@type\":\"EntryPoint\",\"urlTemplate\":\"https:\/\/www.aysubigbag.com\/tr\/?s={search_term_string}\"},\"query-input\":\"required name=search_term_string\"}],\"inLanguage\":\"en-US\"},{\"@type\":\"Organization\",\"@id\":\"https:\/\/www.aysubigbag.com\/tr\/#organization\",\"name\":\"Aysu Bigbag\",\"url\":\"https:\/\/www.aysubigbag.com\/tr\/\",\"logo\":{\"@type\":\"ImageObject\",\"inLanguage\":\"en-US\",\"@id\":\"https:\/\/www.aysubigbag.com\/tr\/#\/schema\/logo\/image\/\",\"url\":\"https:\/\/www.aysubigbag.com\/tr\/wp-content\/uploads\/sites\/4\/2023\/04\/logo9.png\",\"contentUrl\":\"https:\/\/www.aysubigbag.com\/tr\/wp-content\/uploads\/sites\/4\/2023\/04\/logo9.png\",\"width\":400,\"height\":200,\"caption\":\"Aysu Bigbag\"},\"image\":{\"@id\":\"https:\/\/www.aysubigbag.com\/tr\/#\/schema\/logo\/image\/\"}}]}<\/script>\n<!-- \/ Yoast SEO plugin. -->","yoast_head_json":{"title":"Torbalara Bask\u0131 - Aysu Bigbag'e Ho\u015fgeldiniz","robots":{"index":"index","follow":"follow","max-snippet":"max-snippet:-1","max-image-preview":"max-image-preview:large","max-video-preview":"max-video-preview:-1"},"canonical":"https:\/\/www.aysubigbag.com\/tr\/specification\/printing\/","og_locale":"en_US","og_type":"article","og_title":"Torbalara Bask\u0131 - Aysu Bigbag'e Ho\u015fgeldiniz","og_description":"B\u0130G BAG TORBALARA BASKI Big bag\u2019lere\u00a0\u00a0\u00e7e\u015fitli bask\u0131 tekniklerinde bask\u0131 yap\u0131labilmektedir.\u00a0Flekso bask\u0131\u00a0kullan\u0131yoruz\u00a0\u00a0, yani bask\u0131 do\u011frudan flekso kli\u015fe yani kli\u015feden malzemeye aktar\u0131l\u0131yor.\u00a0Bu bask\u0131 tekni\u011fi en \u00e7ok ambalaj malzemelerinin bask\u0131s\u0131nda kullan\u0131l\u0131r. FIBC\u2019yi \u00fc\u00e7 renge kadar yazd\u0131rabiliriz ve \u00fc\u00e7ten fazla\u00a0\u00a0renge\u00a0ihtiyac\u0131n\u0131z varsa ayn\u0131 malzeme birka\u00e7 kez serbest b\u0131rak\u0131labilir . Maksimum bask\u0131 geni\u015fli\u011fi 1000 mm\u2019dir, Maksimum bask\u0131 uzunlu\u011fu 1900 mm\u2019dir, Bas\u0131labilen [&hellip;]","og_url":"https:\/\/www.aysubigbag.com\/tr\/specification\/printing\/","og_site_name":"Aysu Bigbag'e Ho\u015fgeldiniz","article_modified_time":"2023-07-18T13:48:44+00:00","og_image":[{"width":512,"height":512,"url":"https:\/\/www.aysubigbag.com\/tr\/wp-content\/uploads\/sites\/4\/2023\/05\/printing.png","type":"image\/png"}],"twitter_card":"summary_large_image","twitter_misc":{"Est. reading time":"1 minute"},"schema":{"@context":"https:\/\/schema.org","@graph":[{"@type":"WebPage","@id":"https:\/\/www.aysubigbag.com\/tr\/specification\/printing\/","url":"https:\/\/www.aysubigbag.com\/tr\/specification\/printing\/","name":"Torbalara Bask\u0131 - Aysu Bigbag'e Ho\u015fgeldiniz","isPartOf":{"@id":"https:\/\/www.aysubigbag.com\/tr\/#website"},"datePublished":"2023-04-20T22:59:40+00:00","dateModified":"2023-07-18T13:48:44+00:00","breadcrumb":{"@id":"https:\/\/www.aysubigbag.com\/tr\/specification\/printing\/#breadcrumb"},"inLanguage":"en-US","potentialAction":[{"@type":"ReadAction","target":["https:\/\/www.aysubigbag.com\/tr\/specification\/printing\/"]}]},{"@type":"BreadcrumbList","@id":"https:\/\/www.aysubigbag.com\/tr\/specification\/printing\/#breadcrumb","itemListElement":[{"@type":"ListItem","position":1,"name":"Home","item":"https:\/\/www.aysubigbag.com\/tr\/"},{"@type":"ListItem","position":2,"name":"\u00d6zellikler","item":"https:\/\/www.aysubigbag.com\/tr\/specification\/"},{"@type":"ListItem","position":3,"name":"Torbalara Bask\u0131"}]},{"@type":"WebSite","@id":"https:\/\/www.aysubigbag.com\/tr\/#website","url":"https:\/\/www.aysubigbag.com\/tr\/","name":"Aysu Bigbag'e Ho\u015fgeldiniz","description":"","publisher":{"@id":"https:\/\/www.aysubigbag.com\/tr\/#organization"},"potentialAction":[{"@type":"SearchAction","target":{"@type":"EntryPoint","urlTemplate":"https:\/\/www.aysubigbag.com\/tr\/?s={search_term_string}"},"query-input":"required name=search_term_string"}],"inLanguage":"en-US"},{"@type":"Organization","@id":"https:\/\/www.aysubigbag.com\/tr\/#organization","name":"Aysu Bigbag","url":"https:\/\/www.aysubigbag.com\/tr\/","logo":{"@type":"ImageObject","inLanguage":"en-US","@id":"https:\/\/www.aysubigbag.com\/tr\/#\/schema\/logo\/image\/","url":"https:\/\/www.aysubigbag.com\/tr\/wp-content\/uploads\/sites\/4\/2023\/04\/logo9.png","contentUrl":"https:\/\/www.aysubigbag.com\/tr\/wp-content\/uploads\/sites\/4\/2023\/04\/logo9.png","width":400,"height":200,"caption":"Aysu Bigbag"},"image":{"@id":"https:\/\/www.aysubigbag.com\/tr\/#\/schema\/logo\/image\/"}}]}},"_links":{"self":[{"href":"https:\/\/www.aysubigbag.com\/tr\/wp-json\/wp\/v2\/pages\/786"}],"collection":[{"href":"https:\/\/www.aysubigbag.com\/tr\/wp-json\/wp\/v2\/pages"}],"about":[{"href":"https:\/\/www.aysubigbag.com\/tr\/wp-json\/wp\/v2\/types\/page"}],"author":[{"embeddable":true,"href":"https:\/\/www.aysubigbag.com\/tr\/wp-json\/wp\/v2\/users\/1"}],"replies":[{"embeddable":true,"href":"https:\/\/www.aysubigbag.com\/tr\/wp-json\/wp\/v2\/comments?post=786"}],"version-history":[{"count":4,"href":"https:\/\/www.aysubigbag.com\/tr\/wp-json\/wp\/v2\/pages\/786\/revisions"}],"predecessor-version":[{"id":1490,"href":"https:\/\/www.aysubigbag.com\/tr\/wp-json\/wp\/v2\/pages\/786\/revisions\/1490"}],"up":[{"embeddable":true,"href":"https:\/\/www.aysubigbag.com\/tr\/wp-json\/wp\/v2\/pages\/415"}],"wp:featuredmedia":[{"embeddable":true,"href":"https:\/\/www.aysubigbag.com\/tr\/wp-json\/wp\/v2\/media\/1322"}],"wp:attachment":[{"href":"https:\/\/www.aysubigbag.com\/tr\/wp-json\/wp\/v2\/media?parent=786"}],"curies":[{"name":"wp","href":"https:\/\/api.w.org\/{rel}","templated":true}]}}