{"id":791,"date":"2023-04-21T02:03:21","date_gmt":"2023-04-20T23:03:21","guid":{"rendered":"https:\/\/www.aysubigbag.com\/?page_id=791"},"modified":"2023-07-18T13:24:33","modified_gmt":"2023-07-18T13:24:33","slug":"document-pockets","status":"publish","type":"page","link":"https:\/\/www.aysubigbag.com\/tr\/specification\/document-pockets\/","title":{"rendered":"D\u00f6k\u00fcman Cepleri"},"content":{"rendered":"\t\t<div data-elementor-type=\"wp-page\" data-elementor-id=\"791\" class=\"elementor elementor-791\">\n\t\t\t\t\t\t\t<div class=\"elementor-element elementor-element-02cc57f e-flex e-con-boxed e-con\" data-id=\"02cc57f\" data-element_type=\"container\" data-settings=\"{&quot;content_width&quot;:&quot;boxed&quot;}\">\n\t\t\t\t\t<div class=\"e-con-inner\">\n\t\t<div class=\"elementor-element elementor-element-22d0581 e-con-full e-flex e-con\" data-id=\"22d0581\" data-element_type=\"container\" data-settings=\"{&quot;content_width&quot;:&quot;full&quot;}\">\n\t\t\t\t<div class=\"elementor-element elementor-element-bce3033 elementor-widget elementor-widget-image\" data-id=\"bce3033\" data-element_type=\"widget\" data-widget_type=\"image.default\">\n\t\t\t\t<div class=\"elementor-widget-container\">\n\t\t\t<style>\/*! elementor - v3.14.0 - 26-06-2023 *\/\n.elementor-widget-image{text-align:center}.elementor-widget-image a{display:inline-block}.elementor-widget-image a img[src$=\".svg\"]{width:48px}.elementor-widget-image img{vertical-align:middle;display:inline-block}<\/style>\t\t\t\t\t\t\t\t\t\t\t\t<img decoding=\"async\" width=\"650\" height=\"900\" src=\"https:\/\/www.aysubigbag.com\/tr\/wp-content\/uploads\/sites\/4\/2023\/04\/document_packets.jpg\" class=\"attachment-large size-large wp-image-797\" alt=\"\" loading=\"lazy\" srcset=\"https:\/\/www.aysubigbag.com\/tr\/wp-content\/uploads\/sites\/4\/2023\/04\/document_packets.jpg 650w, https:\/\/www.aysubigbag.com\/tr\/wp-content\/uploads\/sites\/4\/2023\/04\/document_packets-217x300.jpg 217w\" sizes=\"(max-width: 650px) 100vw, 650px\" \/>\t\t\t\t\t\t\t\t\t\t\t\t\t\t\t<\/div>\n\t\t\t\t<\/div>\n\t\t\t\t<\/div>\n\t\t<div class=\"elementor-element elementor-element-15cab71 e-con-full e-flex e-con\" data-id=\"15cab71\" data-element_type=\"container\" data-settings=\"{&quot;content_width&quot;:&quot;full&quot;}\">\n\t\t<div class=\"elementor-element elementor-element-9a15a66 e-flex e-con-boxed e-con\" data-id=\"9a15a66\" data-element_type=\"container\" data-settings=\"{&quot;content_width&quot;:&quot;boxed&quot;}\">\n\t\t\t\t\t<div class=\"e-con-inner\">\n\t\t\t\t<div class=\"elementor-element elementor-element-485fa98 elementor-widget elementor-widget-heading\" data-id=\"485fa98\" data-element_type=\"widget\" data-widget_type=\"heading.default\">\n\t\t\t\t<div class=\"elementor-widget-container\">\n\t\t\t<style>\/*! elementor - v3.14.0 - 26-06-2023 *\/\n.elementor-heading-title{padding:0;margin:0;line-height:1}.elementor-widget-heading .elementor-heading-title[class*=elementor-size-]>a{color:inherit;font-size:inherit;line-height:inherit}.elementor-widget-heading .elementor-heading-title.elementor-size-small{font-size:15px}.elementor-widget-heading .elementor-heading-title.elementor-size-medium{font-size:19px}.elementor-widget-heading .elementor-heading-title.elementor-size-large{font-size:29px}.elementor-widget-heading .elementor-heading-title.elementor-size-xl{font-size:39px}.elementor-widget-heading .elementor-heading-title.elementor-size-xxl{font-size:59px}<\/style><h2 class=\"elementor-heading-title elementor-size-default\">D\u00d6K\u00dcMAN CEPLER\u0130<\/h2>\t\t<\/div>\n\t\t\t\t<\/div>\n\t\t\t\t\t<\/div>\n\t\t\t\t<\/div>\n\t\t<div class=\"elementor-element elementor-element-1903dd9 e-flex e-con-boxed e-con\" data-id=\"1903dd9\" data-element_type=\"container\" data-settings=\"{&quot;content_width&quot;:&quot;boxed&quot;}\">\n\t\t\t\t\t<div class=\"e-con-inner\">\n\t\t\t\t<div class=\"elementor-element elementor-element-d0facf0 elementor-widget elementor-widget-text-editor\" data-id=\"d0facf0\" data-element_type=\"widget\" data-widget_type=\"text-editor.default\">\n\t\t\t\t<div class=\"elementor-widget-container\">\n\t\t\t<style>\/*! elementor - v3.14.0 - 26-06-2023 *\/\n.elementor-widget-text-editor.elementor-drop-cap-view-stacked .elementor-drop-cap{background-color:#69727d;color:#fff}.elementor-widget-text-editor.elementor-drop-cap-view-framed .elementor-drop-cap{color:#69727d;border:3px solid;background-color:transparent}.elementor-widget-text-editor:not(.elementor-drop-cap-view-default) .elementor-drop-cap{margin-top:8px}.elementor-widget-text-editor:not(.elementor-drop-cap-view-default) .elementor-drop-cap-letter{width:1em;height:1em}.elementor-widget-text-editor .elementor-drop-cap{float:left;text-align:center;line-height:1;font-size:50px}.elementor-widget-text-editor .elementor-drop-cap-letter{display:inline-block}<\/style>\t\t\t\t<blockquote><p>Bu \u00f6zeli\u011fe sahip Bigbag&#8217;ler genellikle belgelerin eklenmesine izin veren bir belge cebi ile donat\u0131lm\u0131\u015ft\u0131r.<\/p><\/blockquote><h5><strong>A\u015eA\u011eIDAK\u0130 SE\u00c7ENEKLERLE B\u0130R FIBC\u2019YE BELGE CEPLER\u0130 EKLENEB\u0130L\u0130R<\/strong><\/h5><ul><li>&#8211; 1, 2 veya daha fazla adet<\/li><li>&#8211; A3, A4 veya A5 boyutlar\u0131nda<\/li><li>&#8211; Dikey yada Yatay olarak<\/li><li>&#8211; Torban\u0131n \u00fcst diki\u015fine veya yan diki\u015fine konulabilir<\/li><li>&#8211; yandan a\u00e7\u0131l\u0131r, \u00fcstten a\u00e7\u0131l\u0131r, arkadan a\u00e7\u0131l\u0131r<\/li><li>&#8211; iste\u011fe ba\u011fl\u0131 fermuarl\u0131 ya da rayl\u0131 kapatma olabilir<\/li><\/ul>\t\t\t\t\t\t<\/div>\n\t\t\t\t<\/div>\n\t\t\t\t\t<\/div>\n\t\t\t\t<\/div>\n\t\t\t\t<\/div>\n\t\t\t\t\t<\/div>\n\t\t\t\t<\/div>\n\t\t\t\t\t\t\t<\/div>\n\t\t","protected":false},"excerpt":{"rendered":"<p>D\u00d6K\u00dcMAN CEPLER\u0130 Bu \u00f6zeli\u011fe sahip Bigbag&#8217;ler genellikle belgelerin eklenmesine izin veren bir belge cebi ile donat\u0131lm\u0131\u015ft\u0131r. A\u015eA\u011eIDAK\u0130 SE\u00c7ENEKLERLE B\u0130R FIBC\u2019YE BELGE CEPLER\u0130 EKLENEB\u0130L\u0130R &#8211; 1, 2 veya daha fazla adet &#8211; A3, A4 veya A5 boyutlar\u0131nda &#8211; Dikey yada Yatay olarak &#8211; Torban\u0131n \u00fcst diki\u015fine veya yan diki\u015fine konulabilir &#8211; yandan a\u00e7\u0131l\u0131r, \u00fcstten a\u00e7\u0131l\u0131r, arkadan [&hellip;]<\/p>\n","protected":false},"author":1,"featured_media":1314,"parent":415,"menu_order":0,"comment_status":"closed","ping_status":"closed","template":"page-templates\/single-specification.php","meta":[],"yoast_head":"<!-- This site is optimized with the Yoast SEO plugin v21.3 - https:\/\/yoast.com\/wordpress\/plugins\/seo\/ -->\n<title>D\u00f6k\u00fcman Cepleri - Aysu Bigbag&#039;e Ho\u015fgeldiniz<\/title>\n<meta name=\"robots\" content=\"index, follow, max-snippet:-1, max-image-preview:large, max-video-preview:-1\" \/>\n<link rel=\"canonical\" href=\"https:\/\/www.aysubigbag.com\/tr\/specification\/document-pockets\/\" \/>\n<meta property=\"og:locale\" content=\"en_US\" \/>\n<meta property=\"og:type\" content=\"article\" \/>\n<meta property=\"og:title\" content=\"D\u00f6k\u00fcman Cepleri - Aysu Bigbag&#039;e Ho\u015fgeldiniz\" \/>\n<meta property=\"og:description\" content=\"D\u00d6K\u00dcMAN CEPLER\u0130 Bu \u00f6zeli\u011fe sahip Bigbag&#8217;ler genellikle belgelerin eklenmesine izin veren bir belge cebi ile donat\u0131lm\u0131\u015ft\u0131r. A\u015eA\u011eIDAK\u0130 SE\u00c7ENEKLERLE B\u0130R FIBC\u2019YE BELGE CEPLER\u0130 EKLENEB\u0130L\u0130R &#8211; 1, 2 veya daha fazla adet &#8211; A3, A4 veya A5 boyutlar\u0131nda &#8211; Dikey yada Yatay olarak &#8211; Torban\u0131n \u00fcst diki\u015fine veya yan diki\u015fine konulabilir &#8211; yandan a\u00e7\u0131l\u0131r, \u00fcstten a\u00e7\u0131l\u0131r, arkadan [&hellip;]\" \/>\n<meta property=\"og:url\" content=\"https:\/\/www.aysubigbag.com\/tr\/specification\/document-pockets\/\" \/>\n<meta property=\"og:site_name\" content=\"Aysu Bigbag&#039;e Ho\u015fgeldiniz\" \/>\n<meta property=\"article:modified_time\" content=\"2023-07-18T13:24:33+00:00\" \/>\n<meta property=\"og:image\" content=\"https:\/\/www.aysubigbag.com\/tr\/wp-content\/uploads\/sites\/4\/2023\/05\/doc.png\" \/>\n\t<meta property=\"og:image:width\" content=\"512\" \/>\n\t<meta property=\"og:image:height\" content=\"512\" \/>\n\t<meta property=\"og:image:type\" content=\"image\/png\" \/>\n<meta name=\"twitter:card\" content=\"summary_large_image\" \/>\n<script type=\"application\/ld+json\" class=\"yoast-schema-graph\">{\"@context\":\"https:\/\/schema.org\",\"@graph\":[{\"@type\":\"WebPage\",\"@id\":\"https:\/\/www.aysubigbag.com\/tr\/specification\/document-pockets\/\",\"url\":\"https:\/\/www.aysubigbag.com\/tr\/specification\/document-pockets\/\",\"name\":\"D\u00f6k\u00fcman Cepleri - Aysu Bigbag'e Ho\u015fgeldiniz\",\"isPartOf\":{\"@id\":\"https:\/\/www.aysubigbag.com\/tr\/#website\"},\"datePublished\":\"2023-04-20T23:03:21+00:00\",\"dateModified\":\"2023-07-18T13:24:33+00:00\",\"breadcrumb\":{\"@id\":\"https:\/\/www.aysubigbag.com\/tr\/specification\/document-pockets\/#breadcrumb\"},\"inLanguage\":\"en-US\",\"potentialAction\":[{\"@type\":\"ReadAction\",\"target\":[\"https:\/\/www.aysubigbag.com\/tr\/specification\/document-pockets\/\"]}]},{\"@type\":\"BreadcrumbList\",\"@id\":\"https:\/\/www.aysubigbag.com\/tr\/specification\/document-pockets\/#breadcrumb\",\"itemListElement\":[{\"@type\":\"ListItem\",\"position\":1,\"name\":\"Home\",\"item\":\"https:\/\/www.aysubigbag.com\/tr\/\"},{\"@type\":\"ListItem\",\"position\":2,\"name\":\"\u00d6zellikler\",\"item\":\"https:\/\/www.aysubigbag.com\/tr\/specification\/\"},{\"@type\":\"ListItem\",\"position\":3,\"name\":\"D\u00f6k\u00fcman Cepleri\"}]},{\"@type\":\"WebSite\",\"@id\":\"https:\/\/www.aysubigbag.com\/tr\/#website\",\"url\":\"https:\/\/www.aysubigbag.com\/tr\/\",\"name\":\"Aysu Bigbag'e Ho\u015fgeldiniz\",\"description\":\"\",\"publisher\":{\"@id\":\"https:\/\/www.aysubigbag.com\/tr\/#organization\"},\"potentialAction\":[{\"@type\":\"SearchAction\",\"target\":{\"@type\":\"EntryPoint\",\"urlTemplate\":\"https:\/\/www.aysubigbag.com\/tr\/?s={search_term_string}\"},\"query-input\":\"required name=search_term_string\"}],\"inLanguage\":\"en-US\"},{\"@type\":\"Organization\",\"@id\":\"https:\/\/www.aysubigbag.com\/tr\/#organization\",\"name\":\"Aysu Bigbag\",\"url\":\"https:\/\/www.aysubigbag.com\/tr\/\",\"logo\":{\"@type\":\"ImageObject\",\"inLanguage\":\"en-US\",\"@id\":\"https:\/\/www.aysubigbag.com\/tr\/#\/schema\/logo\/image\/\",\"url\":\"https:\/\/www.aysubigbag.com\/tr\/wp-content\/uploads\/sites\/4\/2023\/04\/logo9.png\",\"contentUrl\":\"https:\/\/www.aysubigbag.com\/tr\/wp-content\/uploads\/sites\/4\/2023\/04\/logo9.png\",\"width\":400,\"height\":200,\"caption\":\"Aysu Bigbag\"},\"image\":{\"@id\":\"https:\/\/www.aysubigbag.com\/tr\/#\/schema\/logo\/image\/\"}}]}<\/script>\n<!-- \/ Yoast SEO plugin. -->","yoast_head_json":{"title":"D\u00f6k\u00fcman Cepleri - Aysu Bigbag'e Ho\u015fgeldiniz","robots":{"index":"index","follow":"follow","max-snippet":"max-snippet:-1","max-image-preview":"max-image-preview:large","max-video-preview":"max-video-preview:-1"},"canonical":"https:\/\/www.aysubigbag.com\/tr\/specification\/document-pockets\/","og_locale":"en_US","og_type":"article","og_title":"D\u00f6k\u00fcman Cepleri - Aysu Bigbag'e Ho\u015fgeldiniz","og_description":"D\u00d6K\u00dcMAN CEPLER\u0130 Bu \u00f6zeli\u011fe sahip Bigbag&#8217;ler genellikle belgelerin eklenmesine izin veren bir belge cebi ile donat\u0131lm\u0131\u015ft\u0131r. A\u015eA\u011eIDAK\u0130 SE\u00c7ENEKLERLE B\u0130R FIBC\u2019YE BELGE CEPLER\u0130 EKLENEB\u0130L\u0130R &#8211; 1, 2 veya daha fazla adet &#8211; A3, A4 veya A5 boyutlar\u0131nda &#8211; Dikey yada Yatay olarak &#8211; Torban\u0131n \u00fcst diki\u015fine veya yan diki\u015fine konulabilir &#8211; yandan a\u00e7\u0131l\u0131r, \u00fcstten a\u00e7\u0131l\u0131r, arkadan [&hellip;]","og_url":"https:\/\/www.aysubigbag.com\/tr\/specification\/document-pockets\/","og_site_name":"Aysu Bigbag'e Ho\u015fgeldiniz","article_modified_time":"2023-07-18T13:24:33+00:00","og_image":[{"width":512,"height":512,"url":"https:\/\/www.aysubigbag.com\/tr\/wp-content\/uploads\/sites\/4\/2023\/05\/doc.png","type":"image\/png"}],"twitter_card":"summary_large_image","schema":{"@context":"https:\/\/schema.org","@graph":[{"@type":"WebPage","@id":"https:\/\/www.aysubigbag.com\/tr\/specification\/document-pockets\/","url":"https:\/\/www.aysubigbag.com\/tr\/specification\/document-pockets\/","name":"D\u00f6k\u00fcman Cepleri - Aysu Bigbag'e Ho\u015fgeldiniz","isPartOf":{"@id":"https:\/\/www.aysubigbag.com\/tr\/#website"},"datePublished":"2023-04-20T23:03:21+00:00","dateModified":"2023-07-18T13:24:33+00:00","breadcrumb":{"@id":"https:\/\/www.aysubigbag.com\/tr\/specification\/document-pockets\/#breadcrumb"},"inLanguage":"en-US","potentialAction":[{"@type":"ReadAction","target":["https:\/\/www.aysubigbag.com\/tr\/specification\/document-pockets\/"]}]},{"@type":"BreadcrumbList","@id":"https:\/\/www.aysubigbag.com\/tr\/specification\/document-pockets\/#breadcrumb","itemListElement":[{"@type":"ListItem","position":1,"name":"Home","item":"https:\/\/www.aysubigbag.com\/tr\/"},{"@type":"ListItem","position":2,"name":"\u00d6zellikler","item":"https:\/\/www.aysubigbag.com\/tr\/specification\/"},{"@type":"ListItem","position":3,"name":"D\u00f6k\u00fcman Cepleri"}]},{"@type":"WebSite","@id":"https:\/\/www.aysubigbag.com\/tr\/#website","url":"https:\/\/www.aysubigbag.com\/tr\/","name":"Aysu Bigbag'e Ho\u015fgeldiniz","description":"","publisher":{"@id":"https:\/\/www.aysubigbag.com\/tr\/#organization"},"potentialAction":[{"@type":"SearchAction","target":{"@type":"EntryPoint","urlTemplate":"https:\/\/www.aysubigbag.com\/tr\/?s={search_term_string}"},"query-input":"required name=search_term_string"}],"inLanguage":"en-US"},{"@type":"Organization","@id":"https:\/\/www.aysubigbag.com\/tr\/#organization","name":"Aysu Bigbag","url":"https:\/\/www.aysubigbag.com\/tr\/","logo":{"@type":"ImageObject","inLanguage":"en-US","@id":"https:\/\/www.aysubigbag.com\/tr\/#\/schema\/logo\/image\/","url":"https:\/\/www.aysubigbag.com\/tr\/wp-content\/uploads\/sites\/4\/2023\/04\/logo9.png","contentUrl":"https:\/\/www.aysubigbag.com\/tr\/wp-content\/uploads\/sites\/4\/2023\/04\/logo9.png","width":400,"height":200,"caption":"Aysu Bigbag"},"image":{"@id":"https:\/\/www.aysubigbag.com\/tr\/#\/schema\/logo\/image\/"}}]}},"_links":{"self":[{"href":"https:\/\/www.aysubigbag.com\/tr\/wp-json\/wp\/v2\/pages\/791"}],"collection":[{"href":"https:\/\/www.aysubigbag.com\/tr\/wp-json\/wp\/v2\/pages"}],"about":[{"href":"https:\/\/www.aysubigbag.com\/tr\/wp-json\/wp\/v2\/types\/page"}],"author":[{"embeddable":true,"href":"https:\/\/www.aysubigbag.com\/tr\/wp-json\/wp\/v2\/users\/1"}],"replies":[{"embeddable":true,"href":"https:\/\/www.aysubigbag.com\/tr\/wp-json\/wp\/v2\/comments?post=791"}],"version-history":[{"count":4,"href":"https:\/\/www.aysubigbag.com\/tr\/wp-json\/wp\/v2\/pages\/791\/revisions"}],"predecessor-version":[{"id":1478,"href":"https:\/\/www.aysubigbag.com\/tr\/wp-json\/wp\/v2\/pages\/791\/revisions\/1478"}],"up":[{"embeddable":true,"href":"https:\/\/www.aysubigbag.com\/tr\/wp-json\/wp\/v2\/pages\/415"}],"wp:featuredmedia":[{"embeddable":true,"href":"https:\/\/www.aysubigbag.com\/tr\/wp-json\/wp\/v2\/media\/1314"}],"wp:attachment":[{"href":"https:\/\/www.aysubigbag.com\/tr\/wp-json\/wp\/v2\/media?parent=791"}],"curies":[{"name":"wp","href":"https:\/\/api.w.org\/{rel}","templated":true}]}}